{"id":2217,"date":"2022-10-26T04:42:15","date_gmt":"2022-10-26T04:42:15","guid":{"rendered":"https:\/\/www.aspone.fr\/?page_id=2217"},"modified":"2023-02-02T07:31:35","modified_gmt":"2023-02-02T07:31:35","slug":"web-declarations","status":"publish","type":"page","link":"https:\/\/www.aspone.fr\/index.php\/nos-offres-dediees\/web-declarations\/","title":{"rendered":"web-declarations"},"content":{"rendered":"\t\t<div data-elementor-type=\"wp-page\" data-elementor-id=\"2217\" class=\"elementor elementor-2217\" data-elementor-post-type=\"page\">\n\t\t\t\t<div data-particle_enable=\"false\" data-particle-mobile-disabled=\"false\" class=\"elementor-element elementor-element-db85c91 e-flex e-con-boxed e-con e-parent\" data-id=\"db85c91\" data-element_type=\"container\" data-settings=\"{&quot;background_background&quot;:&quot;classic&quot;,&quot;jet_parallax_layout_list&quot;:[],&quot;_ob_use_container_extras&quot;:&quot;no&quot;,&quot;_ob_column_hoveranimator&quot;:&quot;no&quot;,&quot;_ob_glider_is_slider&quot;:&quot;no&quot;,&quot;_ob_column_has_pseudo&quot;:&quot;no&quot;}\">\n\t\t\t\t\t<div class=\"e-con-inner\">\n\t\t\t\t<div class=\"elementor-element elementor-element-342d29c eael-dual-header-content-align-center ob-has-background-overlay elementor-widget elementor-widget-eael-dual-color-header\" data-id=\"342d29c\" data-element_type=\"widget\" data-settings=\"{&quot;_ob_widget_stalker_use&quot;:&quot;no&quot;,&quot;_ob_poopart_use&quot;:&quot;yes&quot;,&quot;_ob_shadough_use&quot;:&quot;no&quot;,&quot;_ob_allow_hoveranimator&quot;:&quot;no&quot;}\" data-widget_type=\"eael-dual-color-header.default\">\n\t\t\t\t<div class=\"elementor-widget-container\">\n\t\t\t\t\t\t<div class=\"eael-dual-header\">\n\t\t\t\t<h2 class=\"title\"><span class=\"lead solid-color\">web-declarations<\/span> <span><\/span><\/h2>\t\t\t\t<span class=\"subtext\"><\/span>\n\t\t\t\t\t\t\t<\/div>\n\n\t\t\t\t<\/div>\n\t\t\t\t<\/div>\n\t\t\t\t<div class=\"elementor-element elementor-element-206d265 pp-divider-center ob-has-background-overlay elementor-widget elementor-widget-pp-divider\" data-id=\"206d265\" data-element_type=\"widget\" data-settings=\"{&quot;_ob_widget_stalker_use&quot;:&quot;no&quot;,&quot;_ob_poopart_use&quot;:&quot;yes&quot;,&quot;_ob_shadough_use&quot;:&quot;no&quot;,&quot;_ob_allow_hoveranimator&quot;:&quot;no&quot;}\" data-widget_type=\"pp-divider.default\">\n\t\t\t\t<div class=\"elementor-widget-container\">\n\t\t\t\t\t<div class=\"pp-divider-wrap\">\n\t\t\t\t\t\t\t<div class=\"divider-text-container\">\n\t\t\t\t\t<div class=\"divider-text-wrap\">\n\t\t\t\t\t\t<span class=\"pp-divider-border-wrap divider-border-left\">\n\t\t\t\t\t\t\t<span class=\"divider-border\"><\/span>\n\t\t\t\t\t\t<\/span>\n\t\t\t\t\t\t<span class=\"pp-divider-content\">\n\t\t\t\t\t\t\t\t\t\t\t\t\t\t\t<span class=\"pp-divider-image pp-icon\">\n\t\t\t\t\t\t\t\t\t<img decoding=\"async\" src=\"https:\/\/www.aspone.fr\/wp-content\/uploads\/elementor\/thumbs\/icone-separateur-q2t5r1bmkbj1gnq1mfjlvwq63wink9pbq6gx4hbve4.png\" title=\"icone separateur\" alt=\"icone separateur\" loading=\"lazy\" \/>\t\t\t\t\t\t\t\t<\/span>\n\t\t\t\t\t\t\t\t\t\t\t\t\t<\/span>\n\t\t\t\t\t\t<span class=\"pp-divider-border-wrap divider-border-right\">\n\t\t\t\t\t\t\t<span class=\"divider-border\"><\/span>\n\t\t\t\t\t\t<\/span>\n\t\t\t\t\t<\/div>\n\t\t\t\t<\/div>\n\t\t\t\t\t\t<\/div>    \n\t\t\t\t<\/div>\n\t\t\t\t<\/div>\n\t\t\t\t\t<\/div>\n\t\t\t\t<\/div>\n\t\t\t\t<section data-particle_enable=\"false\" data-particle-mobile-disabled=\"false\" class=\"elementor-section elementor-top-section elementor-element elementor-element-795efed elementor-section-boxed elementor-section-height-default elementor-section-height-default elementor-invisible\" data-id=\"795efed\" data-element_type=\"section\" data-settings=\"{&quot;jet_parallax_layout_list&quot;:[],&quot;background_background&quot;:&quot;classic&quot;,&quot;motion_fx_motion_fx_scrolling&quot;:&quot;yes&quot;,&quot;animation&quot;:&quot;fadeInDown&quot;,&quot;background_motion_fx_motion_fx_scrolling&quot;:&quot;yes&quot;,&quot;background_motion_fx_translateY_effect&quot;:&quot;yes&quot;,&quot;background_motion_fx_range&quot;:&quot;page&quot;,&quot;_ob_glider_is_slider&quot;:&quot;no&quot;,&quot;background_motion_fx_translateY_speed&quot;:{&quot;unit&quot;:&quot;px&quot;,&quot;size&quot;:4,&quot;sizes&quot;:[]},&quot;background_motion_fx_translateY_affectedRange&quot;:{&quot;unit&quot;:&quot;%&quot;,&quot;size&quot;:&quot;&quot;,&quot;sizes&quot;:{&quot;start&quot;:0,&quot;end&quot;:100}},&quot;background_motion_fx_devices&quot;:[&quot;desktop&quot;,&quot;tablet&quot;,&quot;mobile&quot;],&quot;motion_fx_devices&quot;:[&quot;desktop&quot;,&quot;tablet&quot;,&quot;mobile&quot;]}\">\n\t\t\t\t\t\t\t<div class=\"elementor-background-overlay\"><\/div>\n\t\t\t\t\t\t\t<div class=\"elementor-container elementor-column-gap-default\">\n\t\t\t\t\t<div class=\"elementor-column elementor-col-100 elementor-top-column elementor-element elementor-element-e2afce2\" data-id=\"e2afce2\" data-element_type=\"column\" data-settings=\"{&quot;background_background&quot;:&quot;classic&quot;,&quot;_ob_column_hoveranimator&quot;:&quot;no&quot;,&quot;_ob_column_has_pseudo&quot;:&quot;no&quot;}\">\n\t\t\t<div class=\"elementor-widget-wrap elementor-element-populated\">\n\t\t\t\t\t<div class=\"elementor-background-overlay\"><\/div>\n\t\t\t\t\t\t<section data-particle_enable=\"false\" data-particle-mobile-disabled=\"false\" class=\"elementor-section elementor-inner-section elementor-element elementor-element-94576b2 elementor-section-boxed elementor-section-height-default elementor-section-height-default\" data-id=\"94576b2\" data-element_type=\"section\" data-settings=\"{&quot;jet_parallax_layout_list&quot;:[],&quot;_ob_glider_is_slider&quot;:&quot;no&quot;}\">\n\t\t\t\t\t\t<div class=\"elementor-container elementor-column-gap-default\">\n\t\t\t\t\t<div class=\"elementor-column elementor-col-100 elementor-inner-column elementor-element elementor-element-fafdc7a\" data-id=\"fafdc7a\" data-element_type=\"column\" data-settings=\"{&quot;_ob_column_hoveranimator&quot;:&quot;no&quot;,&quot;_ob_column_has_pseudo&quot;:&quot;no&quot;}\">\n\t\t\t<div class=\"elementor-widget-wrap elementor-element-populated\">\n\t\t\t\t\t\t<div class=\"elementor-element elementor-element-00e3b26 elementor-align-right elementor-fixed elementor-widget elementor-widget-global elementor-global-3273 elementor-widget-button\" data-id=\"00e3b26\" data-element_type=\"widget\" data-settings=\"{&quot;_position&quot;:&quot;fixed&quot;}\" data-widget_type=\"button.default\">\n\t\t\t\t<div class=\"elementor-widget-container\">\n\t\t\t\t\t\t\t<div class=\"elementor-button-wrapper\">\n\t\t\t\t\t<a class=\"elementor-button elementor-button-link elementor-size-sm\" href=\"#elementor-action%3Aaction%3Dpopup%3Aopen%26settings%3DeyJpZCI6IjMyNjIiLCJ0b2dnbGUiOmZhbHNlfQ%3D%3D\">\n\t\t\t\t\t\t<span class=\"elementor-button-content-wrapper\">\n\t\t\t\t\t\t\t\t\t<span class=\"elementor-button-text\">Aide<\/span>\n\t\t\t\t\t<\/span>\n\t\t\t\t\t<\/a>\n\t\t\t\t<\/div>\n\t\t\t\t\t\t<\/div>\n\t\t\t\t<\/div>\n\t\t\t\t\t<\/div>\n\t\t<\/div>\n\t\t\t\t\t<\/div>\n\t\t<\/section>\n\t\t\t\t<div class=\"elementor-element elementor-element-bdc36d1 ob-harakiri-inherit ob-has-background-overlay elementor-widget elementor-widget-text-editor\" data-id=\"bdc36d1\" data-element_type=\"widget\" data-settings=\"{&quot;_ob_use_harakiri&quot;:&quot;yes&quot;,&quot;_ob_harakiri_writing_mode&quot;:&quot;inherit&quot;,&quot;_ob_postman_use&quot;:&quot;no&quot;,&quot;_ob_widget_stalker_use&quot;:&quot;no&quot;,&quot;_ob_poopart_use&quot;:&quot;yes&quot;,&quot;_ob_shadough_use&quot;:&quot;no&quot;,&quot;_ob_allow_hoveranimator&quot;:&quot;no&quot;}\" data-widget_type=\"text-editor.default\">\n\t\t\t\t<div class=\"elementor-widget-container\">\n\t\t\t\t\t\t\t<div id=\"sppb-addon-wrapper-1563115609155\" class=\"sppb-addon-wrapper\"><div id=\"sppb-addon-1563115609155\" class=\"clearfix \"><div class=\"sppb-addon sppb-addon-text-block \"><div class=\"sppb-addon-content\"><p><strong>Web-D\u00e9clarations est une plateforme de t\u00e9l\u00e9d\u00e9claration et de paiement en ligne en mode locatif h\u00e9berg\u00e9 &#8211; SaaS (Software as a Service). <br \/><\/strong><\/p><h4>Avec Web-D\u00e9clarations, vous allez pouvoir effectuer vos :<\/h4><ul><li><a title=\"Web-TVA\" href=\"https:\/\/www.aspone.fr\/index.php\/nos-offres-dediees\/webdeclarations\/web-tva-tvs\"><strong>TVA <\/strong><\/a>: d\u00e9clarations, t\u00e9l\u00e9r\u00e8glement, demandes de remboursement, tous r\u00e9gimes et cat\u00e9gories fiscales, y compris la TVA groupe et Assujetti Unique ;<\/li><li><a title=\"Web-TVA\" href=\"https:\/\/www.aspone.fr\/index.php\/nos-offres-dediees\/webdeclarations\/web-tva-tvs\"><strong>TVS :\u00a0 <\/strong><\/a>taxe sur les V\u00e9hicules de Soci\u00e9t\u00e9;<\/li><li><a title=\"Web-PAIEMENT\" href=\"https:\/\/www.aspone.fr\/index.php\/nos-offres-dediees\/webdeclarations\/web-paiement\"><strong>PAIEMENT<\/strong><\/a> : Imp\u00f4ts sur les Soci\u00e9t\u00e9s (acomptes et solde), Taxes sur les Salaires (acomptes et solde), CVAE (formulaires 1329AC\/DEF qui correspondent au paiement), demande de remboursement de Cr\u00e9dit d\u2019imp\u00f4ts, Revenus de Capitaux Mobiliers (RCM), Taxe G\u00e9n\u00e9rale sur les Activit\u00e9s Polluantes (TGAP), Taxes sur la Valeur V\u00e9nale des Immeubles (TVVI), Taxes Int\u00e9rieures de Consommation (TIC)\u00a0;<\/li><li><a title=\"Web-TDFC\" href=\"https:\/\/www.aspone.fr\/index.php\/nos-offres-dediees\/webdeclarations\/web-tdfc\"><strong>TDFC<\/strong><\/a> : d\u00e9claration de la CVAE (1330), de la D\u00e9claration des Loyers (DECLOYER), Examen de Conformit\u00e9 Fiscale (ECF3030), de la liasse fiscale et de la d\u00e9claration de r\u00e9sultats pour tous les r\u00e9gimes et toutes les cat\u00e9gories fiscales, y compris l\u2019int\u00e9gration fiscale.<\/li><li><a title=\"Web-REQU\u00caTE\" href=\"https:\/\/www.aspone.fr\/index.php\/nos-offres-dediees\/webdeclarations\/web-requete\"><strong>REQUETE<\/strong><\/a> : permet de requ\u00eater les bases de l\u2019Administration fiscale pour obtenir les informations relatives aux locaux lou\u00e9s par SIREN. Dans le cadre de la r\u00e9vision fonci\u00e8re, une obligation pour les entreprises de d\u00e9clarer leur loyer via TDFC est en \u0153uvre (c\u2019est la d\u00e9claration \u00ab DECLOYER \u00bb) qui devra inclure les donn\u00e9es remont\u00e9es par les requ\u00eates effectu\u00e9es et qui correspondent essentiellement aux ROF (R\u00e9f\u00e9rences d\u2019Obligations Fiscales) des Obligations CFE (Cotisations Fonci\u00e8res des Entreprises) attach\u00e9es au SIREN et aux INVARIANTS (r\u00e9f\u00e9rence DGFiP des locaux lou\u00e9s).<\/li><li><a href=\"https:\/\/www.aspone.fr\/index.php\/nos-offres-dediees\/webdeclarations\/web-part\"><strong>PART<\/strong> :<\/a> d\u00e9claration de l\u2019Imprim\u00e9 Fiscal Unique (IFU \u2013 2561) qui concerne la d\u00e9claration r\u00e9capitulative des op\u00e9rations sur valeurs mobili\u00e8res et RCM et la DAS2 qui correspond \u00e0 l\u2019\u00e9tat des honoraires, vacations, commissions, courtages, ristournes et jetons de pr\u00e9sence, droits d\u2019auteur et d\u2019inventeur pay\u00e9s pendant l\u2019ann\u00e9e N.<\/li><\/ul><h4>D\u00e9couvrez tous les avantages de la solution Web-D\u00e9clarations :<\/h4><ul><li>Sans logiciel ni certificat<\/li><li>Pas d\u2019installation, ni de mise \u00e0 jour, ni de gestion de parc \u00e0 effectuer<\/li><li>Multi utilisateurs<\/li><li>Full web en mode SaaS<\/li><li>Multi plates-formes : un simple navigateur web suffit<\/li><li>Disponible en ligne sur un espace s\u00e9curis\u00e9 avec un simple login et mot de passe<\/li><li>Multi soci\u00e9t\u00e9s<\/li><li>Archivage 10 ans inclus<\/li><li>D\u00e9p\u00f4t jusqu\u2019\u00e0 12 heures avant la date limite !<\/li><li>Pr\u00e9l\u00e8vement garanti au plus t\u00f4t \u00e0 l\u2019\u00e9ch\u00e9ance<\/li><li>Modification \/ annulation d\u2019un paiement jusqu\u2019\u00e0 3 jours avant la date limite (<strong>fonctionnalit\u00e9 inexistante sur le site des imp\u00f4ts<\/strong>)<\/li><li>Tra\u00e7abilit\u00e9 de tous vos \u00e9changes avec l\u2019Administration<\/li><li>Tests et rejeux gratuits et illimit\u00e9s<\/li><li>Support t\u00e9l\u00e9phonique illimit\u00e9 aupr\u00e8s de nos \u00e9quipes en \u00e9troite relation avec la DGFiP<\/li><li>Acquittement et preuve opposable<\/li><\/ul><p>Pour toute information compl\u00e9mentaire, n&rsquo;h\u00e9sitez pas \u00e0 <a title=\"Nous contacter\" href=\"https:\/\/www.aspone.fr\/index.php\/contacts\/\">nous contacter.<\/a><\/p><\/div><\/div><\/div><\/div>\t\t\t\t\t\t<\/div>\n\t\t\t\t<\/div>\n\t\t\t\t\t<\/div>\n\t\t<\/div>\n\t\t\t\t\t<\/div>\n\t\t<\/section>\n\t\t\t\t<section data-particle_enable=\"false\" data-particle-mobile-disabled=\"false\" class=\"elementor-section elementor-inner-section elementor-element elementor-element-36afff5a elementor-section-boxed elementor-section-height-default elementor-section-height-default elementor-invisible\" data-id=\"36afff5a\" data-element_type=\"section\" data-settings=\"{&quot;background_background&quot;:&quot;classic&quot;,&quot;animation&quot;:&quot;fadeInUp&quot;,&quot;jet_parallax_layout_list&quot;:[],&quot;_ob_glider_is_slider&quot;:&quot;no&quot;}\">\n\t\t\t\t\t\t<div class=\"elementor-container elementor-column-gap-no\">\n\t\t\t\t\t<div class=\"elementor-column elementor-col-100 elementor-inner-column elementor-element elementor-element-3390afca\" data-id=\"3390afca\" data-element_type=\"column\" data-settings=\"{&quot;_ob_column_hoveranimator&quot;:&quot;no&quot;,&quot;_ob_column_has_pseudo&quot;:&quot;no&quot;}\">\n\t\t\t<div class=\"elementor-widget-wrap elementor-element-populated\">\n\t\t\t\t\t\t<div class=\"elementor-element elementor-element-50959bae elementor-widget__width-initial eael-dual-header-content-align-center ob-has-background-overlay elementor-widget elementor-widget-eael-dual-color-header\" data-id=\"50959bae\" data-element_type=\"widget\" data-settings=\"{&quot;_ob_widget_stalker_use&quot;:&quot;no&quot;,&quot;_ob_poopart_use&quot;:&quot;yes&quot;,&quot;_ob_shadough_use&quot;:&quot;no&quot;,&quot;_ob_allow_hoveranimator&quot;:&quot;no&quot;}\" data-widget_type=\"eael-dual-color-header.default\">\n\t\t\t\t<div class=\"elementor-widget-container\">\n\t\t\t\t\t\t<div class=\"eael-dual-header\">\n\t\t\t\t<h2 class=\"title\"><span class=\"lead solid-color\">Lettres d\u2019informations -<\/span> <span>Archives <\/span><\/h2><div class=\"eael-dch-separator-wrap\"><span class=\"separator-one\"><\/span>\n\t\t\t<span class=\"separator-two\"><\/span><\/div>\t\t\t\t<span class=\"subtext\"><div class=\"sppb-addon-content\">\n<div>\u00a0<\/div>\n<div>ABONNEZ-VOUS MAINTENANT<\/div>\n<div>Pour recevoir notre lettre d&rsquo;information<\/div>\n<\/div><\/span>\n\t\t\t\t\t\t\t<\/div>\n\n\t\t\t\t<\/div>\n\t\t\t\t<\/div>\n\t\t\t\t<div class=\"elementor-element elementor-element-31a6a0f2 elementor-button-align-stretch ob-has-background-overlay elementor-widget elementor-widget-form\" data-id=\"31a6a0f2\" data-element_type=\"widget\" data-settings=\"{&quot;button_width&quot;:&quot;33&quot;,&quot;step_next_label&quot;:&quot;Suivant&quot;,&quot;step_previous_label&quot;:&quot;Pr\\u00e9c\\u00e9dent&quot;,&quot;step_type&quot;:&quot;number_text&quot;,&quot;step_icon_shape&quot;:&quot;circle&quot;,&quot;_ob_widget_stalker_use&quot;:&quot;no&quot;,&quot;_ob_poopart_use&quot;:&quot;yes&quot;,&quot;_ob_shadough_use&quot;:&quot;no&quot;,&quot;_ob_allow_hoveranimator&quot;:&quot;no&quot;}\" data-widget_type=\"form.default\">\n\t\t\t\t<div class=\"elementor-widget-container\">\n\t\t\t\t\t<form class=\"elementor-form\" method=\"post\" name=\"Nouveau formulaire\">\n\t\t\t<input type=\"hidden\" name=\"post_id\" value=\"2217\"\/>\n\t\t\t<input type=\"hidden\" name=\"form_id\" value=\"31a6a0f2\"\/>\n\t\t\t<input type=\"hidden\" name=\"referer_title\" value=\"\" \/>\n\n\t\t\t\n\t\t\t<div class=\"elementor-form-fields-wrapper elementor-labels-\">\n\t\t\t\t\t\t\t\t<div class=\"elementor-field-type-text elementor-field-group elementor-column elementor-field-group-name elementor-col-33\">\n\t\t\t\t\t\t\t\t\t\t\t\t<label for=\"form-field-name\" class=\"elementor-field-label elementor-screen-only\">\n\t\t\t\t\t\t\t\tNom\t\t\t\t\t\t\t<\/label>\n\t\t\t\t\t\t\t\t\t\t\t\t\t\t<input size=\"1\" type=\"text\" name=\"form_fields[name]\" id=\"form-field-name\" class=\"elementor-field elementor-size-sm  elementor-field-textual\" placeholder=\"Votre Nom\">\n\t\t\t\t\t\t\t\t\t\t\t<\/div>\n\t\t\t\t\t\t\t\t<div class=\"elementor-field-type-email elementor-field-group elementor-column elementor-field-group-email elementor-col-33 elementor-field-required\">\n\t\t\t\t\t\t\t\t\t\t\t\t<label for=\"form-field-email\" class=\"elementor-field-label elementor-screen-only\">\n\t\t\t\t\t\t\t\tE-mail\t\t\t\t\t\t\t<\/label>\n\t\t\t\t\t\t\t\t\t\t\t\t\t\t<input size=\"1\" type=\"email\" name=\"form_fields[email]\" id=\"form-field-email\" class=\"elementor-field elementor-size-sm  elementor-field-textual\" placeholder=\"Votre E-mail\" required=\"required\" aria-required=\"true\">\n\t\t\t\t\t\t\t\t\t\t\t<\/div>\n\t\t\t\t\t\t\t\t<div class=\"elementor-field-group elementor-column elementor-field-type-submit elementor-col-33 e-form__buttons\">\n\t\t\t\t\t<button class=\"elementor-button elementor-size-sm\" type=\"submit\">\n\t\t\t\t\t\t<span class=\"elementor-button-content-wrapper\">\n\t\t\t\t\t\t\t\t\t\t\t\t\t\t\t\t\t\t\t\t\t\t<span class=\"elementor-button-text\">Envoyer<\/span>\n\t\t\t\t\t\t\t\t\t\t\t\t\t<\/span>\n\t\t\t\t\t<\/button>\n\t\t\t\t<\/div>\n\t\t\t<\/div>\n\t\t<\/form>\n\t\t\t\t<\/div>\n\t\t\t\t<\/div>\n\t\t\t\t<div class=\"elementor-element elementor-element-79a32c85 elementor-align-center ob-has-background-overlay elementor-widget elementor-widget-button\" data-id=\"79a32c85\" data-element_type=\"widget\" data-settings=\"{&quot;_ob_butterbutton_use_it&quot;:&quot;no&quot;,&quot;_ob_widget_stalker_use&quot;:&quot;no&quot;,&quot;_ob_poopart_use&quot;:&quot;yes&quot;,&quot;_ob_shadough_use&quot;:&quot;no&quot;,&quot;_ob_allow_hoveranimator&quot;:&quot;no&quot;}\" data-widget_type=\"button.default\">\n\t\t\t\t<div class=\"elementor-widget-container\">\n\t\t\t\t\t\t\t<div class=\"elementor-button-wrapper\">\n\t\t\t\t\t<a class=\"elementor-button elementor-button-link elementor-size-sm\" href=\"https:\/\/www.aspone.fr\/index.php\/lettres-dinformations\/\">\n\t\t\t\t\t\t<span class=\"elementor-button-content-wrapper\">\n\t\t\t\t\t\t\t\t\t<span class=\"elementor-button-text\">Lettres d\u2019informations - Archives <\/span>\n\t\t\t\t\t<\/span>\n\t\t\t\t\t<\/a>\n\t\t\t\t<\/div>\n\t\t\t\t\t\t<\/div>\n\t\t\t\t<\/div>\n\t\t\t\t\t<\/div>\n\t\t<\/div>\n\t\t\t\t\t<\/div>\n\t\t<\/section>\n\t\t\t\t<\/div>\n\t\t","protected":false},"excerpt":{"rendered":"<p>web-declarations Aide Web-D\u00e9clarations est une plateforme de t\u00e9l\u00e9d\u00e9claration et de paiement en ligne en mode locatif h\u00e9berg\u00e9 &#8211; SaaS (Software as a Service). Avec Web-D\u00e9clarations, vous allez pouvoir effectuer vos : TVA : d\u00e9clarations, t\u00e9l\u00e9r\u00e8glement, demandes de remboursement, tous r\u00e9gimes et cat\u00e9gories fiscales, y compris la TVA groupe et Assujetti Unique ; TVS :\u00a0 taxe [&hellip;]<\/p>\n","protected":false},"author":1,"featured_media":0,"parent":3128,"menu_order":0,"comment_status":"closed","ping_status":"closed","template":"","meta":{"site-sidebar-layout":"no-sidebar","site-content-layout":"page-builder","ast-site-content-layout":"default","site-content-style":"default","site-sidebar-style":"default","ast-global-header-display":"","ast-banner-title-visibility":"","ast-main-header-display":"","ast-hfb-above-header-display":"","ast-hfb-below-header-display":"","ast-hfb-mobile-header-display":"","site-post-title":"disabled","ast-breadcrumbs-content":"","ast-featured-img":"disabled","footer-sml-layout":"","ast-disable-related-posts":"","theme-transparent-header-meta":"","adv-header-id-meta":"","stick-header-meta":"","header-above-stick-meta":"","header-main-stick-meta":"","header-below-stick-meta":"","astra-migrate-meta-layouts":"default","ast-page-background-enabled":"default","ast-page-background-meta":{"desktop":{"background-color":"var(--ast-global-color-4)","background-image":"","background-repeat":"repeat","background-position":"center center","background-size":"auto","background-attachment":"scroll","background-type":"","background-media":"","overlay-type":"","overlay-color":"","overlay-opacity":"","overlay-gradient":""},"tablet":{"background-color":"","background-image":"","background-repeat":"repeat","background-position":"center center","background-size":"auto","background-attachment":"scroll","background-type":"","background-media":"","overlay-type":"","overlay-color":"","overlay-opacity":"","overlay-gradient":""},"mobile":{"background-color":"","background-image":"","background-repeat":"repeat","background-position":"center center","background-size":"auto","background-attachment":"scroll","background-type":"","background-media":"","overlay-type":"","overlay-color":"","overlay-opacity":"","overlay-gradient":""}},"ast-content-background-meta":{"desktop":{"background-color":"var(--ast-global-color-5)","background-image":"","background-repeat":"repeat","background-position":"center center","background-size":"auto","background-attachment":"scroll","background-type":"","background-media":"","overlay-type":"","overlay-color":"","overlay-opacity":"","overlay-gradient":""},"tablet":{"background-color":"var(--ast-global-color-5)","background-image":"","background-repeat":"repeat","background-position":"center center","background-size":"auto","background-attachment":"scroll","background-type":"","background-media":"","overlay-type":"","overlay-color":"","overlay-opacity":"","overlay-gradient":""},"mobile":{"background-color":"var(--ast-global-color-5)","background-image":"","background-repeat":"repeat","background-position":"center center","background-size":"auto","background-attachment":"scroll","background-type":"","background-media":"","overlay-type":"","overlay-color":"","overlay-opacity":"","overlay-gradient":""}},"footnotes":""},"class_list":["post-2217","page","type-page","status-publish","hentry"],"_links":{"self":[{"href":"https:\/\/www.aspone.fr\/index.php\/wp-json\/wp\/v2\/pages\/2217","targetHints":{"allow":["GET"]}}],"collection":[{"href":"https:\/\/www.aspone.fr\/index.php\/wp-json\/wp\/v2\/pages"}],"about":[{"href":"https:\/\/www.aspone.fr\/index.php\/wp-json\/wp\/v2\/types\/page"}],"author":[{"embeddable":true,"href":"https:\/\/www.aspone.fr\/index.php\/wp-json\/wp\/v2\/users\/1"}],"replies":[{"embeddable":true,"href":"https:\/\/www.aspone.fr\/index.php\/wp-json\/wp\/v2\/comments?post=2217"}],"version-history":[{"count":16,"href":"https:\/\/www.aspone.fr\/index.php\/wp-json\/wp\/v2\/pages\/2217\/revisions"}],"predecessor-version":[{"id":3458,"href":"https:\/\/www.aspone.fr\/index.php\/wp-json\/wp\/v2\/pages\/2217\/revisions\/3458"}],"up":[{"embeddable":true,"href":"https:\/\/www.aspone.fr\/index.php\/wp-json\/wp\/v2\/pages\/3128"}],"wp:attachment":[{"href":"https:\/\/www.aspone.fr\/index.php\/wp-json\/wp\/v2\/media?parent=2217"}],"curies":[{"name":"wp","href":"https:\/\/api.w.org\/{rel}","templated":true}]}}