{"id":2403,"date":"2022-11-07T14:32:18","date_gmt":"2022-11-07T14:32:18","guid":{"rendered":"https:\/\/www.aspone.fr\/?page_id=2403"},"modified":"2026-02-23T14:57:48","modified_gmt":"2026-02-23T14:57:48","slug":"imports-exports","status":"publish","type":"page","link":"https:\/\/www.aspone.fr\/index.php\/nos-offres-dediees\/imports-exports\/","title":{"rendered":"Imports-Exports"},"content":{"rendered":"\t\t<div data-elementor-type=\"wp-page\" data-elementor-id=\"2403\" class=\"elementor elementor-2403\" data-elementor-post-type=\"page\">\n\t\t\t\t<div data-particle_enable=\"false\" data-particle-mobile-disabled=\"false\" class=\"elementor-element elementor-element-db85c91 e-flex e-con-boxed e-con e-parent\" data-id=\"db85c91\" data-element_type=\"container\" data-settings=\"{&quot;background_background&quot;:&quot;classic&quot;,&quot;jet_parallax_layout_list&quot;:[],&quot;_ob_use_container_extras&quot;:&quot;no&quot;,&quot;_ob_column_hoveranimator&quot;:&quot;no&quot;,&quot;_ob_glider_is_slider&quot;:&quot;no&quot;,&quot;_ob_column_has_pseudo&quot;:&quot;no&quot;}\">\n\t\t\t\t\t<div class=\"e-con-inner\">\n\t\t\t\t<div class=\"elementor-element elementor-element-342d29c eael-dual-header-content-align-center ob-has-background-overlay elementor-widget elementor-widget-eael-dual-color-header\" data-id=\"342d29c\" data-element_type=\"widget\" data-settings=\"{&quot;_ob_widget_stalker_use&quot;:&quot;no&quot;,&quot;_ob_poopart_use&quot;:&quot;yes&quot;,&quot;_ob_shadough_use&quot;:&quot;no&quot;,&quot;_ob_allow_hoveranimator&quot;:&quot;no&quot;}\" data-widget_type=\"eael-dual-color-header.default\">\n\t\t\t\t<div class=\"elementor-widget-container\">\n\t\t\t\t\t\t<div class=\"eael-dual-header\">\n\t\t\t\t<h2 class=\"title\"><span class=\"lead solid-color\">Imports\/Exports<\/span> <span><\/span><\/h2>\t\t\t\t<span class=\"subtext\"><\/span>\n\t\t\t\t\t\t\t<\/div>\n\n\t\t\t\t<\/div>\n\t\t\t\t<\/div>\n\t\t\t\t<div class=\"elementor-element elementor-element-206d265 pp-divider-center ob-has-background-overlay elementor-widget elementor-widget-pp-divider\" data-id=\"206d265\" data-element_type=\"widget\" data-settings=\"{&quot;_ob_widget_stalker_use&quot;:&quot;no&quot;,&quot;_ob_poopart_use&quot;:&quot;yes&quot;,&quot;_ob_shadough_use&quot;:&quot;no&quot;,&quot;_ob_allow_hoveranimator&quot;:&quot;no&quot;}\" data-widget_type=\"pp-divider.default\">\n\t\t\t\t<div class=\"elementor-widget-container\">\n\t\t\t\t\t<div class=\"pp-divider-wrap\">\n\t\t\t\t\t\t\t<div class=\"divider-text-container\">\n\t\t\t\t\t<div class=\"divider-text-wrap\">\n\t\t\t\t\t\t<span class=\"pp-divider-border-wrap divider-border-left\">\n\t\t\t\t\t\t\t<span class=\"divider-border\"><\/span>\n\t\t\t\t\t\t<\/span>\n\t\t\t\t\t\t<span class=\"pp-divider-content\">\n\t\t\t\t\t\t\t\t\t\t\t\t\t\t\t<span class=\"pp-divider-image pp-icon\">\n\t\t\t\t\t\t\t\t\t<img decoding=\"async\" src=\"https:\/\/www.aspone.fr\/wp-content\/uploads\/elementor\/thumbs\/icone-separateur-q2t8d24g6q8ksh5flkn5sol18f3eibyqzjoe9vx6zw.png\" title=\"icone separateur\" alt=\"icone separateur\" loading=\"lazy\" \/>\t\t\t\t\t\t\t\t<\/span>\n\t\t\t\t\t\t\t\t\t\t\t\t\t<\/span>\n\t\t\t\t\t\t<span class=\"pp-divider-border-wrap divider-border-right\">\n\t\t\t\t\t\t\t<span class=\"divider-border\"><\/span>\n\t\t\t\t\t\t<\/span>\n\t\t\t\t\t<\/div>\n\t\t\t\t<\/div>\n\t\t\t\t\t\t<\/div>    \n\t\t\t\t<\/div>\n\t\t\t\t<\/div>\n\t\t\t\t\t<\/div>\n\t\t\t\t<\/div>\n\t\t\t\t<section data-particle_enable=\"false\" data-particle-mobile-disabled=\"false\" class=\"elementor-section elementor-top-section elementor-element elementor-element-795efed elementor-section-boxed elementor-section-height-default elementor-section-height-default elementor-invisible\" data-id=\"795efed\" data-element_type=\"section\" data-settings=\"{&quot;jet_parallax_layout_list&quot;:[],&quot;background_background&quot;:&quot;classic&quot;,&quot;motion_fx_motion_fx_scrolling&quot;:&quot;yes&quot;,&quot;animation&quot;:&quot;fadeInDown&quot;,&quot;background_motion_fx_motion_fx_scrolling&quot;:&quot;yes&quot;,&quot;background_motion_fx_translateY_effect&quot;:&quot;yes&quot;,&quot;background_motion_fx_range&quot;:&quot;page&quot;,&quot;_ob_glider_is_slider&quot;:&quot;no&quot;,&quot;background_motion_fx_translateY_speed&quot;:{&quot;unit&quot;:&quot;px&quot;,&quot;size&quot;:4,&quot;sizes&quot;:[]},&quot;background_motion_fx_translateY_affectedRange&quot;:{&quot;unit&quot;:&quot;%&quot;,&quot;size&quot;:&quot;&quot;,&quot;sizes&quot;:{&quot;start&quot;:0,&quot;end&quot;:100}},&quot;background_motion_fx_devices&quot;:[&quot;desktop&quot;,&quot;tablet&quot;,&quot;mobile&quot;],&quot;motion_fx_devices&quot;:[&quot;desktop&quot;,&quot;tablet&quot;,&quot;mobile&quot;]}\">\n\t\t\t\t\t\t\t<div class=\"elementor-background-overlay\"><\/div>\n\t\t\t\t\t\t\t<div class=\"elementor-container elementor-column-gap-default\">\n\t\t\t\t\t<div class=\"elementor-column elementor-col-100 elementor-top-column elementor-element elementor-element-e2afce2\" data-id=\"e2afce2\" data-element_type=\"column\" data-settings=\"{&quot;background_background&quot;:&quot;classic&quot;,&quot;_ob_column_hoveranimator&quot;:&quot;no&quot;,&quot;_ob_column_has_pseudo&quot;:&quot;no&quot;}\">\n\t\t\t<div class=\"elementor-widget-wrap elementor-element-populated\">\n\t\t\t\t\t<div class=\"elementor-background-overlay\"><\/div>\n\t\t\t\t\t\t<section data-particle_enable=\"false\" data-particle-mobile-disabled=\"false\" class=\"elementor-section elementor-inner-section elementor-element elementor-element-94576b2 elementor-section-boxed elementor-section-height-default elementor-section-height-default\" data-id=\"94576b2\" data-element_type=\"section\" data-settings=\"{&quot;jet_parallax_layout_list&quot;:[],&quot;_ob_glider_is_slider&quot;:&quot;no&quot;}\">\n\t\t\t\t\t\t<div class=\"elementor-container elementor-column-gap-default\">\n\t\t\t\t\t<div class=\"elementor-column elementor-col-100 elementor-inner-column elementor-element elementor-element-fafdc7a\" data-id=\"fafdc7a\" data-element_type=\"column\" data-settings=\"{&quot;_ob_column_hoveranimator&quot;:&quot;no&quot;,&quot;_ob_column_has_pseudo&quot;:&quot;no&quot;}\">\n\t\t\t<div class=\"elementor-widget-wrap elementor-element-populated\">\n\t\t\t\t\t\t<div class=\"elementor-element elementor-element-0941a43 elementor-align-right elementor-fixed elementor-widget elementor-widget-global elementor-global-3273 elementor-widget-button\" data-id=\"0941a43\" data-element_type=\"widget\" data-settings=\"{&quot;_position&quot;:&quot;fixed&quot;}\" data-widget_type=\"button.default\">\n\t\t\t\t<div class=\"elementor-widget-container\">\n\t\t\t\t\t\t\t<div class=\"elementor-button-wrapper\">\n\t\t\t\t\t<a class=\"elementor-button elementor-button-link elementor-size-sm\" href=\"#elementor-action%3Aaction%3Dpopup%3Aopen%26settings%3DeyJpZCI6IjMyNjIiLCJ0b2dnbGUiOmZhbHNlfQ%3D%3D\">\n\t\t\t\t\t\t<span class=\"elementor-button-content-wrapper\">\n\t\t\t\t\t\t\t\t\t<span class=\"elementor-button-text\">Aide<\/span>\n\t\t\t\t\t<\/span>\n\t\t\t\t\t<\/a>\n\t\t\t\t<\/div>\n\t\t\t\t\t\t<\/div>\n\t\t\t\t<\/div>\n\t\t\t\t\t<\/div>\n\t\t<\/div>\n\t\t\t\t\t<\/div>\n\t\t<\/section>\n\t\t\t\t<div class=\"elementor-element elementor-element-bdc36d1 ob-harakiri-inherit ob-has-background-overlay elementor-widget elementor-widget-text-editor\" data-id=\"bdc36d1\" data-element_type=\"widget\" data-settings=\"{&quot;_ob_use_harakiri&quot;:&quot;yes&quot;,&quot;_ob_harakiri_writing_mode&quot;:&quot;inherit&quot;,&quot;_ob_postman_use&quot;:&quot;no&quot;,&quot;_ob_widget_stalker_use&quot;:&quot;no&quot;,&quot;_ob_poopart_use&quot;:&quot;yes&quot;,&quot;_ob_shadough_use&quot;:&quot;no&quot;,&quot;_ob_allow_hoveranimator&quot;:&quot;no&quot;}\" data-widget_type=\"text-editor.default\">\n\t\t\t\t<div class=\"elementor-widget-container\">\n\t\t\t\t\t\t\t<div id=\"sppb-addon-wrapper-1563115609155\" class=\"sppb-addon-wrapper\"><div id=\"sppb-addon-1563115609155\" class=\"clearfix \"><div class=\"sppb-addon sppb-addon-text-block  \"><div class=\"sppb-addon-content\"><p>ASPOne.fr met \u00e0 votre disposition tout un ensemble de fonctionnalit\u00e9s d\u2019Import\/Export vous permettant ainsi de faciliter l\u2019acquisition\/saisie des donn\u00e9es et le transfert de donn\u00e9es \u00e9manant du portail vers d\u2019autres sources comme Excel par exemple.<\/p><h2>Fonctionnalit\u00e9s d\u2019IMPORT\u00a0:<\/h2><ul><li><strong><em>Import CSV des comptes en masse<\/em><\/strong>:<\/li><\/ul><p>Possibilit\u00e9 de cr\u00e9er des comptes utilisateurs en masse sur le portail via l\u2019import d\u2019un fichier CSV.<\/p><ul><li><strong><em>Import CSV de Balance\u00a0:<\/em><\/strong><\/li><\/ul><p>Possibilit\u00e9 d\u2019importer une balance pour g\u00e9n\u00e9rer les formulaires de votre liasse fiscale.<\/p><ul><li><strong><em>Import CSV DECLOYER\u00a0:<\/em><\/strong><\/li><\/ul><p>\u00a0Possibilit\u00e9 de cr\u00e9er \/ compl\u00e9ter une d\u00e9claration des loyers par l\u2019import de donn\u00e9es au format CSV\u00a0;<\/p><ul><li><strong><em>Import CSV &amp; TD BILATERALE DAS2 (Honoraires)\u00a0:<\/em><\/strong><\/li><\/ul><p>Possibilit\u00e9 de g\u00e9n\u00e9rer une d\u00e9claration d\u2019honoraires (DAS2) soit par l\u2019import d\u2019un fichier CSV, soit par l\u2019import d\u2019un fichier dans le format \u00ab\u00a0TD BILATERALE\u00a0\u00bb<\/p><ul><li><strong><em>Import TD BILATERALE IFU\u00a0:<\/em><\/strong><\/li><\/ul><p>Possibilit\u00e9 de cr\u00e9er une d\u00e9claration IFU par l\u2019import d\u2019un fichier au format \u00ab\u00a0TD BILATERALE\u00a0\u00bb<\/p><ul><li><strong><em>Import CSV redevables (relev\u00e9s &amp; web-d\u00e9clarations)\u00a0:<\/em><\/strong><\/li><\/ul><p>Possibilit\u00e9 de cr\u00e9er des redevables dans Web-D\u00e9clarations \u00e0 partir d\u2019un import en masse au format CSV\u00a0;<\/p><h2>Fonctionnalit\u00e9s d\u2019EXPORT :<\/h2><ul><li><strong><em>Export CSV Suivi des flux\u00a0:<\/em><\/strong><\/li><\/ul><p>Le suivi des flux vous permet de filtrer sur les flux que vous avez effectu\u00e9s sur une p\u00e9riode donn\u00e9e, pour un compte utilisateur, une t\u00e9l\u00e9proc\u00e9dure particuli\u00e8re, un statut, \u2026, et ensuite d\u2019exporter ce r\u00e9sultat pour un \u00e9ventuel retraitement dans Excel\u00a0;<\/p><ul><li><strong><em>Export EDI des fichiers t\u00e9l\u00e9d\u00e9clar\u00e9s\u00a0:<\/em><\/strong><\/li><\/ul><p>ASPOne.fr vous permet de r\u00e9cup\u00e9rer les fichiers EDI (natifs et\/ou convertis avec le traducteur XML-Edi) pour visualiser ces fichiers dans un outils comme <strong>EDI-Reader<\/strong> par exemple ou utiliser le fichier Edi \u00e0 d\u2019autres fins d\u00e9claratives ou d\u2019archivage propri\u00e9taire.<\/p><ul><li><strong><em>Export des comptes-rendus : <\/em><\/strong><\/li><\/ul><p>Les messages de services portail (Accus\u00e9s de R\u00e9ception Sign\u00e9, Avis d\u2019Information Sign\u00e9, \u2026) contiennent parfois des pi\u00e8ces jointes qui correspondent souvent aux comptes-rendus \u00e9mis par les destinataires. Ces CR vous sont mis \u00e0 disposition via les messages de services (mails) que vous recevez mais sont \u00e9galement t\u00e9l\u00e9chargeables \u00e0 partir du suivi de vos t\u00e9l\u00e9d\u00e9clarations dans votre espace priv\u00e9.<\/p><ul><li><strong><em>Export CSV de la Facturation\u00a0: <\/em><\/strong><\/li><\/ul><p>D\u00e9sormais, une fonctionnalit\u00e9 de suivi et d\u2019export de vos flux facturables est disponible \u00e0 partir de votre espace priv\u00e9. En effet, il y a souvent un \u00e9cart entre les flux r\u00e9ellement consomm\u00e9s qui peuvent inclure par exemple des rectificatives ou tests, qui n\u2019entrent pas en compte dans la facturation. Le suivi\/export de la facturation va vous permettre de rapprocher vos factures \u00e9mises par le portail avec vos flux facturables, ainsi que d\u2019avoir une visibilit\u00e9 des flux facturables en cours de p\u00e9riode \u2026<\/p><ul><li><strong><em>Export Attestation de d\u00e9p\u00f4t portail PDF\u00a0:<\/em><\/strong><\/li><\/ul><p>Plus commun\u00e9ment d\u00e9nomm\u00e9 \u00ab\u00a0certificat t\u00e9l\u00e9d\u00e9claratif\u00a0\u00bb, ASPOne.fr vous permet de disposer d\u2019un certificat \u00e9mis par le portail suite \u00e0 l\u2019acceptation d\u2019une t\u00e9l\u00e9d\u00e9claration en fiscal \u00e9mise vers la DGFiP. Le format d\u2019export est du PDF.<\/p><\/div><\/div><\/div><\/div>\t\t\t\t\t\t<\/div>\n\t\t\t\t<\/div>\n\t\t\t\t\t<\/div>\n\t\t<\/div>\n\t\t\t\t\t<\/div>\n\t\t<\/section>\n\t\t\t\t<section data-particle_enable=\"false\" data-particle-mobile-disabled=\"false\" class=\"elementor-section elementor-inner-section elementor-element elementor-element-5af8226d elementor-section-boxed elementor-section-height-default elementor-section-height-default elementor-invisible\" data-id=\"5af8226d\" data-element_type=\"section\" data-settings=\"{&quot;background_background&quot;:&quot;classic&quot;,&quot;animation&quot;:&quot;fadeInUp&quot;,&quot;jet_parallax_layout_list&quot;:[],&quot;_ob_glider_is_slider&quot;:&quot;no&quot;}\">\n\t\t\t\t\t\t<div class=\"elementor-container elementor-column-gap-no\">\n\t\t\t\t\t<div class=\"elementor-column elementor-col-100 elementor-inner-column elementor-element elementor-element-5735570a\" data-id=\"5735570a\" data-element_type=\"column\" data-settings=\"{&quot;_ob_column_hoveranimator&quot;:&quot;no&quot;,&quot;_ob_column_has_pseudo&quot;:&quot;no&quot;}\">\n\t\t\t<div class=\"elementor-widget-wrap elementor-element-populated\">\n\t\t\t\t\t\t<div class=\"elementor-element elementor-element-45b56145 elementor-widget__width-initial eael-dual-header-content-align-center ob-has-background-overlay elementor-widget elementor-widget-eael-dual-color-header\" data-id=\"45b56145\" data-element_type=\"widget\" data-settings=\"{&quot;_ob_widget_stalker_use&quot;:&quot;no&quot;,&quot;_ob_poopart_use&quot;:&quot;yes&quot;,&quot;_ob_shadough_use&quot;:&quot;no&quot;,&quot;_ob_allow_hoveranimator&quot;:&quot;no&quot;}\" data-widget_type=\"eael-dual-color-header.default\">\n\t\t\t\t<div class=\"elementor-widget-container\">\n\t\t\t\t\t\t<div class=\"eael-dual-header\">\n\t\t\t\t<h2 class=\"title\"><span class=\"lead solid-color\">Lettres d\u2019informations -<\/span> <span>Archives <\/span><\/h2><div class=\"eael-dch-separator-wrap\"><span class=\"separator-one\"><\/span>\n\t\t\t<span class=\"separator-two\"><\/span><\/div>\t\t\t\t<span class=\"subtext\"><div class=\"sppb-addon-content\">\n<div>\u00a0<\/div>\n<div>ABONNEZ-VOUS MAINTENANT<\/div>\n<div>Pour recevoir notre lettre d&rsquo;information<\/div>\n<\/div><\/span>\n\t\t\t\t\t\t\t<\/div>\n\n\t\t\t\t<\/div>\n\t\t\t\t<\/div>\n\t\t\t\t<div class=\"elementor-element elementor-element-145d9fa9 elementor-button-align-stretch ob-has-background-overlay elementor-widget elementor-widget-form\" data-id=\"145d9fa9\" data-element_type=\"widget\" data-settings=\"{&quot;button_width&quot;:&quot;33&quot;,&quot;step_next_label&quot;:&quot;Suivant&quot;,&quot;step_previous_label&quot;:&quot;Pr\\u00e9c\\u00e9dent&quot;,&quot;step_type&quot;:&quot;number_text&quot;,&quot;step_icon_shape&quot;:&quot;circle&quot;,&quot;_ob_widget_stalker_use&quot;:&quot;no&quot;,&quot;_ob_poopart_use&quot;:&quot;yes&quot;,&quot;_ob_shadough_use&quot;:&quot;no&quot;,&quot;_ob_allow_hoveranimator&quot;:&quot;no&quot;}\" data-widget_type=\"form.default\">\n\t\t\t\t<div class=\"elementor-widget-container\">\n\t\t\t\t\t<form class=\"elementor-form\" method=\"post\" name=\"Nouveau formulaire\">\n\t\t\t<input type=\"hidden\" name=\"post_id\" value=\"2403\"\/>\n\t\t\t<input type=\"hidden\" name=\"form_id\" value=\"145d9fa9\"\/>\n\t\t\t<input type=\"hidden\" name=\"referer_title\" value=\"\" \/>\n\n\t\t\t\n\t\t\t<div class=\"elementor-form-fields-wrapper elementor-labels-\">\n\t\t\t\t\t\t\t\t<div class=\"elementor-field-type-text elementor-field-group elementor-column elementor-field-group-name elementor-col-33\">\n\t\t\t\t\t\t\t\t\t\t\t\t<label for=\"form-field-name\" class=\"elementor-field-label elementor-screen-only\">\n\t\t\t\t\t\t\t\tNom\t\t\t\t\t\t\t<\/label>\n\t\t\t\t\t\t\t\t\t\t\t\t\t\t<input size=\"1\" type=\"text\" name=\"form_fields[name]\" id=\"form-field-name\" class=\"elementor-field elementor-size-sm  elementor-field-textual\" placeholder=\"Votre Nom\">\n\t\t\t\t\t\t\t\t\t\t\t<\/div>\n\t\t\t\t\t\t\t\t<div class=\"elementor-field-type-email elementor-field-group elementor-column elementor-field-group-email elementor-col-33 elementor-field-required\">\n\t\t\t\t\t\t\t\t\t\t\t\t<label for=\"form-field-email\" class=\"elementor-field-label elementor-screen-only\">\n\t\t\t\t\t\t\t\tE-mail\t\t\t\t\t\t\t<\/label>\n\t\t\t\t\t\t\t\t\t\t\t\t\t\t<input size=\"1\" type=\"email\" name=\"form_fields[email]\" id=\"form-field-email\" class=\"elementor-field elementor-size-sm  elementor-field-textual\" placeholder=\"Votre E-mail\" required=\"required\" aria-required=\"true\">\n\t\t\t\t\t\t\t\t\t\t\t<\/div>\n\t\t\t\t\t\t\t\t<div class=\"elementor-field-type-recaptcha_v3 elementor-field-group elementor-column elementor-field-group-field_df3cddc elementor-col-100 recaptcha_v3-bottomleft\">\n\t\t\t\t\t<div class=\"elementor-field\" id=\"form-field-field_df3cddc\"><div class=\"elementor-g-recaptcha\" data-sitekey=\"6LdYwvopAAAAAONEX1IvohQFSJpyXwry9Zcb6fH1\" data-type=\"v3\" data-action=\"Form\" data-badge=\"bottomleft\" data-size=\"invisible\"><\/div><\/div>\t\t\t\t<\/div>\n\t\t\t\t\t\t\t\t<div class=\"elementor-field-group elementor-column elementor-field-type-submit elementor-col-33 e-form__buttons\">\n\t\t\t\t\t<button class=\"elementor-button elementor-size-sm\" type=\"submit\">\n\t\t\t\t\t\t<span class=\"elementor-button-content-wrapper\">\n\t\t\t\t\t\t\t\t\t\t\t\t\t\t\t\t\t\t\t\t\t\t<span class=\"elementor-button-text\">Envoyer<\/span>\n\t\t\t\t\t\t\t\t\t\t\t\t\t<\/span>\n\t\t\t\t\t<\/button>\n\t\t\t\t<\/div>\n\t\t\t<\/div>\n\t\t<\/form>\n\t\t\t\t<\/div>\n\t\t\t\t<\/div>\n\t\t\t\t\t<\/div>\n\t\t<\/div>\n\t\t\t\t\t<\/div>\n\t\t<\/section>\n\t\t\t\t<\/div>\n\t\t","protected":false},"excerpt":{"rendered":"<p>Imports\/Exports Aide ASPOne.fr met \u00e0 votre disposition tout un ensemble de fonctionnalit\u00e9s d\u2019Import\/Export vous permettant ainsi de faciliter l\u2019acquisition\/saisie des donn\u00e9es et le transfert de donn\u00e9es \u00e9manant du portail vers d\u2019autres sources comme Excel par exemple. Fonctionnalit\u00e9s d\u2019IMPORT\u00a0: Import CSV des comptes en masse: Possibilit\u00e9 de cr\u00e9er des comptes utilisateurs en masse sur le portail [&hellip;]<\/p>\n","protected":false},"author":1,"featured_media":0,"parent":3128,"menu_order":0,"comment_status":"closed","ping_status":"closed","template":"","meta":{"site-sidebar-layout":"no-sidebar","site-content-layout":"page-builder","ast-site-content-layout":"default","site-content-style":"default","site-sidebar-style":"default","ast-global-header-display":"","ast-banner-title-visibility":"","ast-main-header-display":"","ast-hfb-above-header-display":"","ast-hfb-below-header-display":"","ast-hfb-mobile-header-display":"","site-post-title":"disabled","ast-breadcrumbs-content":"","ast-featured-img":"disabled","footer-sml-layout":"","ast-disable-related-posts":"","theme-transparent-header-meta":"","adv-header-id-meta":"","stick-header-meta":"","header-above-stick-meta":"","header-main-stick-meta":"","header-below-stick-meta":"","astra-migrate-meta-layouts":"default","ast-page-background-enabled":"default","ast-page-background-meta":{"desktop":{"background-color":"var(--ast-global-color-4)","background-image":"","background-repeat":"repeat","background-position":"center center","background-size":"auto","background-attachment":"scroll","background-type":"","background-media":"","overlay-type":"","overlay-color":"","overlay-opacity":"","overlay-gradient":""},"tablet":{"background-color":"","background-image":"","background-repeat":"repeat","background-position":"center center","background-size":"auto","background-attachment":"scroll","background-type":"","background-media":"","overlay-type":"","overlay-color":"","overlay-opacity":"","overlay-gradient":""},"mobile":{"background-color":"","background-image":"","background-repeat":"repeat","background-position":"center center","background-size":"auto","background-attachment":"scroll","background-type":"","background-media":"","overlay-type":"","overlay-color":"","overlay-opacity":"","overlay-gradient":""}},"ast-content-background-meta":{"desktop":{"background-color":"var(--ast-global-color-5)","background-image":"","background-repeat":"repeat","background-position":"center center","background-size":"auto","background-attachment":"scroll","background-type":"","background-media":"","overlay-type":"","overlay-color":"","overlay-opacity":"","overlay-gradient":""},"tablet":{"background-color":"var(--ast-global-color-5)","background-image":"","background-repeat":"repeat","background-position":"center center","background-size":"auto","background-attachment":"scroll","background-type":"","background-media":"","overlay-type":"","overlay-color":"","overlay-opacity":"","overlay-gradient":""},"mobile":{"background-color":"var(--ast-global-color-5)","background-image":"","background-repeat":"repeat","background-position":"center center","background-size":"auto","background-attachment":"scroll","background-type":"","background-media":"","overlay-type":"","overlay-color":"","overlay-opacity":"","overlay-gradient":""}},"footnotes":""},"class_list":["post-2403","page","type-page","status-publish","hentry"],"_links":{"self":[{"href":"https:\/\/www.aspone.fr\/index.php\/wp-json\/wp\/v2\/pages\/2403","targetHints":{"allow":["GET"]}}],"collection":[{"href":"https:\/\/www.aspone.fr\/index.php\/wp-json\/wp\/v2\/pages"}],"about":[{"href":"https:\/\/www.aspone.fr\/index.php\/wp-json\/wp\/v2\/types\/page"}],"author":[{"embeddable":true,"href":"https:\/\/www.aspone.fr\/index.php\/wp-json\/wp\/v2\/users\/1"}],"replies":[{"embeddable":true,"href":"https:\/\/www.aspone.fr\/index.php\/wp-json\/wp\/v2\/comments?post=2403"}],"version-history":[{"count":16,"href":"https:\/\/www.aspone.fr\/index.php\/wp-json\/wp\/v2\/pages\/2403\/revisions"}],"predecessor-version":[{"id":4268,"href":"https:\/\/www.aspone.fr\/index.php\/wp-json\/wp\/v2\/pages\/2403\/revisions\/4268"}],"up":[{"embeddable":true,"href":"https:\/\/www.aspone.fr\/index.php\/wp-json\/wp\/v2\/pages\/3128"}],"wp:attachment":[{"href":"https:\/\/www.aspone.fr\/index.php\/wp-json\/wp\/v2\/media?parent=2403"}],"curies":[{"name":"wp","href":"https:\/\/api.w.org\/{rel}","templated":true}]}}