{"id":2419,"date":"2022-11-07T14:51:11","date_gmt":"2022-11-07T14:51:11","guid":{"rendered":"https:\/\/www.aspone.fr\/?page_id=2419"},"modified":"2026-02-23T15:01:01","modified_gmt":"2026-02-23T15:01:01","slug":"fonctionnalites","status":"publish","type":"page","link":"https:\/\/www.aspone.fr\/index.php\/nos-offres-dediees\/web-declarations\/fonctionnalites\/","title":{"rendered":"fonctionnalites"},"content":{"rendered":"\t\t<div data-elementor-type=\"wp-page\" data-elementor-id=\"2419\" class=\"elementor elementor-2419\" data-elementor-post-type=\"page\">\n\t\t\t\t<div data-particle_enable=\"false\" data-particle-mobile-disabled=\"false\" class=\"elementor-element elementor-element-db85c91 e-flex e-con-boxed e-con e-parent\" data-id=\"db85c91\" data-element_type=\"container\" data-settings=\"{&quot;background_background&quot;:&quot;classic&quot;,&quot;jet_parallax_layout_list&quot;:[],&quot;_ob_use_container_extras&quot;:&quot;no&quot;,&quot;_ob_column_hoveranimator&quot;:&quot;no&quot;,&quot;_ob_glider_is_slider&quot;:&quot;no&quot;,&quot;_ob_column_has_pseudo&quot;:&quot;no&quot;}\">\n\t\t\t\t\t<div class=\"e-con-inner\">\n\t\t\t\t<div class=\"elementor-element elementor-element-342d29c eael-dual-header-content-align-center ob-has-background-overlay elementor-widget elementor-widget-eael-dual-color-header\" data-id=\"342d29c\" data-element_type=\"widget\" data-settings=\"{&quot;_ob_widget_stalker_use&quot;:&quot;no&quot;,&quot;_ob_poopart_use&quot;:&quot;yes&quot;,&quot;_ob_shadough_use&quot;:&quot;no&quot;,&quot;_ob_allow_hoveranimator&quot;:&quot;no&quot;}\" data-widget_type=\"eael-dual-color-header.default\">\n\t\t\t\t<div class=\"elementor-widget-container\">\n\t\t\t\t\t\t<div class=\"eael-dual-header\">\n\t\t\t\t<h1 class=\"title\"><span class=\"lead solid-color\">Les 3 principales fonctionnalit\u00e9s de <\/span> <span>WEB-DECLARATIONS<\/span><\/h1>\t\t\t\t<span class=\"subtext\"><\/span>\n\t\t\t\t\t\t\t<\/div>\n\n\t\t\t\t<\/div>\n\t\t\t\t<\/div>\n\t\t\t\t<div class=\"elementor-element elementor-element-206d265 pp-divider-center ob-has-background-overlay elementor-widget elementor-widget-pp-divider\" data-id=\"206d265\" data-element_type=\"widget\" data-settings=\"{&quot;_ob_widget_stalker_use&quot;:&quot;no&quot;,&quot;_ob_poopart_use&quot;:&quot;yes&quot;,&quot;_ob_shadough_use&quot;:&quot;no&quot;,&quot;_ob_allow_hoveranimator&quot;:&quot;no&quot;}\" data-widget_type=\"pp-divider.default\">\n\t\t\t\t<div class=\"elementor-widget-container\">\n\t\t\t\t\t<div class=\"pp-divider-wrap\">\n\t\t\t\t\t\t\t<div class=\"divider-text-container\">\n\t\t\t\t\t<div class=\"divider-text-wrap\">\n\t\t\t\t\t\t<span class=\"pp-divider-border-wrap divider-border-left\">\n\t\t\t\t\t\t\t<span class=\"divider-border\"><\/span>\n\t\t\t\t\t\t<\/span>\n\t\t\t\t\t\t<span class=\"pp-divider-content\">\n\t\t\t\t\t\t\t\t\t\t\t\t\t\t\t<span class=\"pp-divider-image pp-icon\">\n\t\t\t\t\t\t\t\t\t<img decoding=\"async\" src=\"https:\/\/www.aspone.fr\/wp-content\/uploads\/elementor\/thumbs\/icone-separateur-q2t5r1bmkbj1gnq1mfjlvwq63wink9pbq6gx4hbve4.png\" title=\"icone separateur\" alt=\"icone separateur\" loading=\"lazy\" \/>\t\t\t\t\t\t\t\t<\/span>\n\t\t\t\t\t\t\t\t\t\t\t\t\t<\/span>\n\t\t\t\t\t\t<span class=\"pp-divider-border-wrap divider-border-right\">\n\t\t\t\t\t\t\t<span class=\"divider-border\"><\/span>\n\t\t\t\t\t\t<\/span>\n\t\t\t\t\t<\/div>\n\t\t\t\t<\/div>\n\t\t\t\t\t\t<\/div>    \n\t\t\t\t<\/div>\n\t\t\t\t<\/div>\n\t\t\t\t\t<\/div>\n\t\t\t\t<\/div>\n\t\t\t\t<section data-particle_enable=\"false\" data-particle-mobile-disabled=\"false\" class=\"elementor-section elementor-top-section elementor-element elementor-element-795efed elementor-section-boxed elementor-section-height-default elementor-section-height-default elementor-invisible\" data-id=\"795efed\" data-element_type=\"section\" data-settings=\"{&quot;jet_parallax_layout_list&quot;:[],&quot;background_background&quot;:&quot;classic&quot;,&quot;motion_fx_motion_fx_scrolling&quot;:&quot;yes&quot;,&quot;animation&quot;:&quot;fadeInDown&quot;,&quot;background_motion_fx_motion_fx_scrolling&quot;:&quot;yes&quot;,&quot;background_motion_fx_translateY_effect&quot;:&quot;yes&quot;,&quot;background_motion_fx_range&quot;:&quot;page&quot;,&quot;_ob_glider_is_slider&quot;:&quot;no&quot;,&quot;background_motion_fx_translateY_speed&quot;:{&quot;unit&quot;:&quot;px&quot;,&quot;size&quot;:4,&quot;sizes&quot;:[]},&quot;background_motion_fx_translateY_affectedRange&quot;:{&quot;unit&quot;:&quot;%&quot;,&quot;size&quot;:&quot;&quot;,&quot;sizes&quot;:{&quot;start&quot;:0,&quot;end&quot;:100}},&quot;background_motion_fx_devices&quot;:[&quot;desktop&quot;,&quot;tablet&quot;,&quot;mobile&quot;],&quot;motion_fx_devices&quot;:[&quot;desktop&quot;,&quot;tablet&quot;,&quot;mobile&quot;]}\">\n\t\t\t\t\t\t\t<div class=\"elementor-background-overlay\"><\/div>\n\t\t\t\t\t\t\t<div class=\"elementor-container elementor-column-gap-default\">\n\t\t\t\t\t<div class=\"elementor-column elementor-col-100 elementor-top-column elementor-element elementor-element-e2afce2\" data-id=\"e2afce2\" data-element_type=\"column\" data-settings=\"{&quot;background_background&quot;:&quot;classic&quot;,&quot;_ob_column_hoveranimator&quot;:&quot;no&quot;,&quot;_ob_column_has_pseudo&quot;:&quot;no&quot;}\">\n\t\t\t<div class=\"elementor-widget-wrap elementor-element-populated\">\n\t\t\t\t\t<div class=\"elementor-background-overlay\"><\/div>\n\t\t\t\t\t\t<section data-particle_enable=\"false\" data-particle-mobile-disabled=\"false\" class=\"elementor-section elementor-inner-section elementor-element elementor-element-94576b2 elementor-section-boxed elementor-section-height-default elementor-section-height-default\" data-id=\"94576b2\" data-element_type=\"section\" data-settings=\"{&quot;jet_parallax_layout_list&quot;:[],&quot;_ob_glider_is_slider&quot;:&quot;no&quot;}\">\n\t\t\t\t\t\t<div class=\"elementor-container elementor-column-gap-default\">\n\t\t\t\t\t<div class=\"elementor-column elementor-col-100 elementor-inner-column elementor-element elementor-element-fafdc7a\" data-id=\"fafdc7a\" data-element_type=\"column\" data-settings=\"{&quot;_ob_column_hoveranimator&quot;:&quot;no&quot;,&quot;_ob_column_has_pseudo&quot;:&quot;no&quot;}\">\n\t\t\t<div class=\"elementor-widget-wrap elementor-element-populated\">\n\t\t\t\t\t\t<div class=\"elementor-element elementor-element-ad4ba7d elementor-align-right elementor-fixed elementor-widget elementor-widget-global elementor-global-3273 elementor-widget-button\" data-id=\"ad4ba7d\" data-element_type=\"widget\" data-settings=\"{&quot;_position&quot;:&quot;fixed&quot;}\" data-widget_type=\"button.default\">\n\t\t\t\t<div class=\"elementor-widget-container\">\n\t\t\t\t\t\t\t<div class=\"elementor-button-wrapper\">\n\t\t\t\t\t<a class=\"elementor-button elementor-button-link elementor-size-sm\" href=\"#elementor-action%3Aaction%3Dpopup%3Aopen%26settings%3DeyJpZCI6IjMyNjIiLCJ0b2dnbGUiOmZhbHNlfQ%3D%3D\">\n\t\t\t\t\t\t<span class=\"elementor-button-content-wrapper\">\n\t\t\t\t\t\t\t\t\t<span class=\"elementor-button-text\">Aide<\/span>\n\t\t\t\t\t<\/span>\n\t\t\t\t\t<\/a>\n\t\t\t\t<\/div>\n\t\t\t\t\t\t<\/div>\n\t\t\t\t<\/div>\n\t\t\t\t\t<\/div>\n\t\t<\/div>\n\t\t\t\t\t<\/div>\n\t\t<\/section>\n\t\t\t\t<div class=\"elementor-element elementor-element-bdc36d1 ob-harakiri-inherit ob-has-background-overlay elementor-widget elementor-widget-text-editor\" data-id=\"bdc36d1\" data-element_type=\"widget\" data-settings=\"{&quot;_ob_use_harakiri&quot;:&quot;yes&quot;,&quot;_ob_harakiri_writing_mode&quot;:&quot;inherit&quot;,&quot;_ob_postman_use&quot;:&quot;no&quot;,&quot;_ob_widget_stalker_use&quot;:&quot;no&quot;,&quot;_ob_poopart_use&quot;:&quot;yes&quot;,&quot;_ob_shadough_use&quot;:&quot;no&quot;,&quot;_ob_allow_hoveranimator&quot;:&quot;no&quot;}\" data-widget_type=\"text-editor.default\">\n\t\t\t\t<div class=\"elementor-widget-container\">\n\t\t\t\t\t\t\t<div id=\"sppb-addon-wrapper-1563115609155\" class=\"sppb-addon-wrapper\"><div id=\"sppb-addon-1563115609155\" class=\"clearfix \"><div class=\"sppb-addon sppb-addon-text-block  \"><div class=\"sppb-addon-content\"><h2>1- Redevables<\/h2><p><strong>Gestion unifi\u00e9e d\u2019une base de redevables commune \u00e0 l\u2019ensemble des t\u00e9l\u00e9-proc\u00e9dures avec toutes les fonctionnalit\u00e9s :<\/strong><\/p><ul><li>de gestion : cr\u00e9ation, modification, d\u00e9sactivation\/annulation, &#8230;<\/li><li>d\u2019acc\u00e8s \u00e0 l\u2019historique avec visualisation et impression du r\u00e9capitulatif et des formulaires des t\u00e9l\u00e9d\u00e9clarations \u00e9mises.<\/li><\/ul><p>Les informations \u00e0 renseigner sont de nature juridiques, fiscales, destinataires et bancaires.<\/p><h2>2- Suivi en ligne<\/h2><p><strong>Pi\u00e8ce maitresse de WEB-DECLARATIONS<\/strong>, le suivi syst\u00e9matique, instantan\u00e9, horodat\u00e9 et pr\u00e9cis, en ligne, \u00e0 chacune des \u00e9tapes de vos t\u00e9l\u00e9-d\u00e9clarations : ergonomique et visuel, l\u2019indication des statuts par <strong>un syst\u00e8me de coches vertes et croix rouges<\/strong> permettent en un coup d\u2019\u0153il de visualiser, \u00e9tape par \u00e9tape, l\u2019\u00e9tat de la t\u00e9l\u00e9- d\u00e9claration. En cliquant sur la coche ou la croix, le d\u00e9tail appara\u00eet avec l\u2019\u00e9ventuel \u00e9nonc\u00e9 du probl\u00e8me rencontr\u00e9, et les mesures \u00e0 mettre en \u0153uvre.<\/p><h2>3- D\u00e9claration et paiement en ligne<\/h2><p>Ce module permet de saisir en ligne, en cr\u00e9ation ou \u00e0 partir des \u00a0\u00e9l\u00e9ments \u00a0d\u2019une pr\u00e9c\u00e9dente \u00a0saisie, \u00a0une t\u00e9l\u00e9d\u00e9claration ou \u00a0un \u00a0paiement \u00a0en \u00a0pr\u00e9sentant \u00a0\u00e0 \u00a0l\u2019\u00e9cran les \u00a0informations traditionnellement indiqu\u00e9es sur les formulaires \u00ab papier\u00bb, afin de ne pas perturber vos habitudes de saisie.<\/p><ul><li>Alertes incluses sur de multiples d\u00e9p\u00f4ts effectu\u00e9s sur la m\u00eame p\u00e9riode pour la m\u00eame entit\u00e9<\/li><li>Contr\u00f4les de coh\u00e9rence des donn\u00e9es saisies en conformit\u00e9 avec le cahier des charges de l\u2019Administration<\/li><li>De multiples destinataires en fonction de vos besoins :<ul><li>DGFiP<\/li><li>OGA<\/li><li>Conseils ou Expert-comptable<\/li><li>&#8230;<\/li><\/ul><\/li><\/ul><\/div><\/div><\/div><\/div><div id=\"sppb-addon-wrapper-1563291433139\" class=\"sppb-addon-wrapper\"><div id=\"sppb-addon-1563291433139\" class=\"clearfix \"><div class=\"sppb-addon-overlayer\">\u00a0<\/div><div class=\"sppb-addon sppb-addon-header sppb-text-center\"><h1 class=\"sppb-addon-title\">\u00a0<\/h1><\/div><\/div><\/div>\t\t\t\t\t\t<\/div>\n\t\t\t\t<\/div>\n\t\t\t\t\t<\/div>\n\t\t<\/div>\n\t\t\t\t\t<\/div>\n\t\t<\/section>\n\t\t\t\t<section data-particle_enable=\"false\" data-particle-mobile-disabled=\"false\" class=\"elementor-section elementor-inner-section elementor-element elementor-element-7b81d4ce elementor-section-boxed elementor-section-height-default elementor-section-height-default elementor-invisible\" data-id=\"7b81d4ce\" data-element_type=\"section\" data-settings=\"{&quot;background_background&quot;:&quot;classic&quot;,&quot;animation&quot;:&quot;fadeInUp&quot;,&quot;jet_parallax_layout_list&quot;:[],&quot;_ob_glider_is_slider&quot;:&quot;no&quot;}\">\n\t\t\t\t\t\t<div class=\"elementor-container elementor-column-gap-no\">\n\t\t\t\t\t<div class=\"elementor-column elementor-col-100 elementor-inner-column elementor-element elementor-element-1ddfad4f\" data-id=\"1ddfad4f\" data-element_type=\"column\" data-settings=\"{&quot;_ob_column_hoveranimator&quot;:&quot;no&quot;,&quot;_ob_column_has_pseudo&quot;:&quot;no&quot;}\">\n\t\t\t<div class=\"elementor-widget-wrap elementor-element-populated\">\n\t\t\t\t\t\t<div class=\"elementor-element elementor-element-744769f2 elementor-widget__width-initial eael-dual-header-content-align-center ob-has-background-overlay elementor-widget elementor-widget-eael-dual-color-header\" data-id=\"744769f2\" data-element_type=\"widget\" data-settings=\"{&quot;_ob_widget_stalker_use&quot;:&quot;no&quot;,&quot;_ob_poopart_use&quot;:&quot;yes&quot;,&quot;_ob_shadough_use&quot;:&quot;no&quot;,&quot;_ob_allow_hoveranimator&quot;:&quot;no&quot;}\" data-widget_type=\"eael-dual-color-header.default\">\n\t\t\t\t<div class=\"elementor-widget-container\">\n\t\t\t\t\t\t<div class=\"eael-dual-header\">\n\t\t\t\t<h2 class=\"title\"><span class=\"lead solid-color\">Lettres d\u2019informations -<\/span> <span>Archives <\/span><\/h2><div class=\"eael-dch-separator-wrap\"><span class=\"separator-one\"><\/span>\n\t\t\t<span class=\"separator-two\"><\/span><\/div>\t\t\t\t<span class=\"subtext\"><div class=\"sppb-addon-content\">\n<div>\u00a0<\/div>\n<div>ABONNEZ-VOUS MAINTENANT<\/div>\n<div>Pour recevoir notre lettre d&rsquo;information<\/div>\n<\/div><\/span>\n\t\t\t\t\t\t\t<\/div>\n\n\t\t\t\t<\/div>\n\t\t\t\t<\/div>\n\t\t\t\t<div class=\"elementor-element elementor-element-1a622d0d elementor-button-align-stretch ob-has-background-overlay elementor-widget elementor-widget-form\" data-id=\"1a622d0d\" data-element_type=\"widget\" data-settings=\"{&quot;button_width&quot;:&quot;33&quot;,&quot;step_next_label&quot;:&quot;Suivant&quot;,&quot;step_previous_label&quot;:&quot;Pr\\u00e9c\\u00e9dent&quot;,&quot;step_type&quot;:&quot;number_text&quot;,&quot;step_icon_shape&quot;:&quot;circle&quot;,&quot;_ob_widget_stalker_use&quot;:&quot;no&quot;,&quot;_ob_poopart_use&quot;:&quot;yes&quot;,&quot;_ob_shadough_use&quot;:&quot;no&quot;,&quot;_ob_allow_hoveranimator&quot;:&quot;no&quot;}\" data-widget_type=\"form.default\">\n\t\t\t\t<div class=\"elementor-widget-container\">\n\t\t\t\t\t<form class=\"elementor-form\" method=\"post\" name=\"Nouveau formulaire\">\n\t\t\t<input type=\"hidden\" name=\"post_id\" value=\"2419\"\/>\n\t\t\t<input type=\"hidden\" name=\"form_id\" value=\"1a622d0d\"\/>\n\t\t\t<input type=\"hidden\" name=\"referer_title\" value=\"\" \/>\n\n\t\t\t\n\t\t\t<div class=\"elementor-form-fields-wrapper elementor-labels-\">\n\t\t\t\t\t\t\t\t<div class=\"elementor-field-type-text elementor-field-group elementor-column elementor-field-group-name elementor-col-33\">\n\t\t\t\t\t\t\t\t\t\t\t\t<label for=\"form-field-name\" class=\"elementor-field-label elementor-screen-only\">\n\t\t\t\t\t\t\t\tNom\t\t\t\t\t\t\t<\/label>\n\t\t\t\t\t\t\t\t\t\t\t\t\t\t<input size=\"1\" type=\"text\" name=\"form_fields[name]\" id=\"form-field-name\" class=\"elementor-field elementor-size-sm  elementor-field-textual\" placeholder=\"Votre Nom\">\n\t\t\t\t\t\t\t\t\t\t\t<\/div>\n\t\t\t\t\t\t\t\t<div class=\"elementor-field-type-email elementor-field-group elementor-column elementor-field-group-email elementor-col-33 elementor-field-required\">\n\t\t\t\t\t\t\t\t\t\t\t\t<label for=\"form-field-email\" class=\"elementor-field-label elementor-screen-only\">\n\t\t\t\t\t\t\t\tE-mail\t\t\t\t\t\t\t<\/label>\n\t\t\t\t\t\t\t\t\t\t\t\t\t\t<input size=\"1\" type=\"email\" name=\"form_fields[email]\" id=\"form-field-email\" class=\"elementor-field elementor-size-sm  elementor-field-textual\" placeholder=\"Votre E-mail\" required=\"required\" aria-required=\"true\">\n\t\t\t\t\t\t\t\t\t\t\t<\/div>\n\t\t\t\t\t\t\t\t<div class=\"elementor-field-type-recaptcha_v3 elementor-field-group elementor-column elementor-field-group-field_fdbc55e elementor-col-100 recaptcha_v3-bottomleft\">\n\t\t\t\t\t<div class=\"elementor-field\" id=\"form-field-field_fdbc55e\"><div class=\"elementor-g-recaptcha\" data-sitekey=\"6LdYwvopAAAAAONEX1IvohQFSJpyXwry9Zcb6fH1\" data-type=\"v3\" data-action=\"Form\" data-badge=\"bottomleft\" data-size=\"invisible\"><\/div><\/div>\t\t\t\t<\/div>\n\t\t\t\t\t\t\t\t<div class=\"elementor-field-group elementor-column elementor-field-type-submit elementor-col-33 e-form__buttons\">\n\t\t\t\t\t<button class=\"elementor-button elementor-size-sm\" type=\"submit\">\n\t\t\t\t\t\t<span class=\"elementor-button-content-wrapper\">\n\t\t\t\t\t\t\t\t\t\t\t\t\t\t\t\t\t\t\t\t\t\t<span class=\"elementor-button-text\">Envoyer<\/span>\n\t\t\t\t\t\t\t\t\t\t\t\t\t<\/span>\n\t\t\t\t\t<\/button>\n\t\t\t\t<\/div>\n\t\t\t<\/div>\n\t\t<\/form>\n\t\t\t\t<\/div>\n\t\t\t\t<\/div>\n\t\t\t\t\t<\/div>\n\t\t<\/div>\n\t\t\t\t\t<\/div>\n\t\t<\/section>\n\t\t\t\t<\/div>\n\t\t","protected":false},"excerpt":{"rendered":"<p>Les 3 principales fonctionnalit\u00e9s de WEB-DECLARATIONS Aide 1- Redevables Gestion unifi\u00e9e d\u2019une base de redevables commune \u00e0 l\u2019ensemble des t\u00e9l\u00e9-proc\u00e9dures avec toutes les fonctionnalit\u00e9s : de gestion : cr\u00e9ation, modification, d\u00e9sactivation\/annulation, &#8230; d\u2019acc\u00e8s \u00e0 l\u2019historique avec visualisation et impression du r\u00e9capitulatif et des formulaires des t\u00e9l\u00e9d\u00e9clarations \u00e9mises. Les informations \u00e0 renseigner sont de nature juridiques, [&hellip;]<\/p>\n","protected":false},"author":1,"featured_media":0,"parent":2217,"menu_order":0,"comment_status":"closed","ping_status":"closed","template":"","meta":{"site-sidebar-layout":"no-sidebar","site-content-layout":"page-builder","ast-site-content-layout":"default","site-content-style":"default","site-sidebar-style":"default","ast-global-header-display":"","ast-banner-title-visibility":"","ast-main-header-display":"","ast-hfb-above-header-display":"","ast-hfb-below-header-display":"","ast-hfb-mobile-header-display":"","site-post-title":"disabled","ast-breadcrumbs-content":"","ast-featured-img":"disabled","footer-sml-layout":"","ast-disable-related-posts":"","theme-transparent-header-meta":"","adv-header-id-meta":"","stick-header-meta":"","header-above-stick-meta":"","header-main-stick-meta":"","header-below-stick-meta":"","astra-migrate-meta-layouts":"default","ast-page-background-enabled":"default","ast-page-background-meta":{"desktop":{"background-color":"var(--ast-global-color-4)","background-image":"","background-repeat":"repeat","background-position":"center center","background-size":"auto","background-attachment":"scroll","background-type":"","background-media":"","overlay-type":"","overlay-color":"","overlay-opacity":"","overlay-gradient":""},"tablet":{"background-color":"","background-image":"","background-repeat":"repeat","background-position":"center center","background-size":"auto","background-attachment":"scroll","background-type":"","background-media":"","overlay-type":"","overlay-color":"","overlay-opacity":"","overlay-gradient":""},"mobile":{"background-color":"","background-image":"","background-repeat":"repeat","background-position":"center center","background-size":"auto","background-attachment":"scroll","background-type":"","background-media":"","overlay-type":"","overlay-color":"","overlay-opacity":"","overlay-gradient":""}},"ast-content-background-meta":{"desktop":{"background-color":"var(--ast-global-color-5)","background-image":"","background-repeat":"repeat","background-position":"center center","background-size":"auto","background-attachment":"scroll","background-type":"","background-media":"","overlay-type":"","overlay-color":"","overlay-opacity":"","overlay-gradient":""},"tablet":{"background-color":"var(--ast-global-color-5)","background-image":"","background-repeat":"repeat","background-position":"center center","background-size":"auto","background-attachment":"scroll","background-type":"","background-media":"","overlay-type":"","overlay-color":"","overlay-opacity":"","overlay-gradient":""},"mobile":{"background-color":"var(--ast-global-color-5)","background-image":"","background-repeat":"repeat","background-position":"center center","background-size":"auto","background-attachment":"scroll","background-type":"","background-media":"","overlay-type":"","overlay-color":"","overlay-opacity":"","overlay-gradient":""}},"footnotes":""},"class_list":["post-2419","page","type-page","status-publish","hentry"],"_links":{"self":[{"href":"https:\/\/www.aspone.fr\/index.php\/wp-json\/wp\/v2\/pages\/2419","targetHints":{"allow":["GET"]}}],"collection":[{"href":"https:\/\/www.aspone.fr\/index.php\/wp-json\/wp\/v2\/pages"}],"about":[{"href":"https:\/\/www.aspone.fr\/index.php\/wp-json\/wp\/v2\/types\/page"}],"author":[{"embeddable":true,"href":"https:\/\/www.aspone.fr\/index.php\/wp-json\/wp\/v2\/users\/1"}],"replies":[{"embeddable":true,"href":"https:\/\/www.aspone.fr\/index.php\/wp-json\/wp\/v2\/comments?post=2419"}],"version-history":[{"count":16,"href":"https:\/\/www.aspone.fr\/index.php\/wp-json\/wp\/v2\/pages\/2419\/revisions"}],"predecessor-version":[{"id":4271,"href":"https:\/\/www.aspone.fr\/index.php\/wp-json\/wp\/v2\/pages\/2419\/revisions\/4271"}],"up":[{"embeddable":true,"href":"https:\/\/www.aspone.fr\/index.php\/wp-json\/wp\/v2\/pages\/2217"}],"wp:attachment":[{"href":"https:\/\/www.aspone.fr\/index.php\/wp-json\/wp\/v2\/media?parent=2419"}],"curies":[{"name":"wp","href":"https:\/\/api.w.org\/{rel}","templated":true}]}}