{"id":2595,"date":"2022-11-09T10:14:29","date_gmt":"2022-11-09T10:14:29","guid":{"rendered":"https:\/\/www.aspone.fr\/?page_id=2595"},"modified":"2024-12-30T09:39:09","modified_gmt":"2024-12-30T09:39:09","slug":"politique-de-confidentialite","status":"publish","type":"page","link":"https:\/\/www.aspone.fr\/index.php\/politique-de-confidentialite\/","title":{"rendered":"Politique de confidentialite"},"content":{"rendered":"\t\t<div data-elementor-type=\"wp-page\" data-elementor-id=\"2595\" class=\"elementor elementor-2595\" data-elementor-post-type=\"page\">\n\t\t\t\t<div data-particle_enable=\"false\" data-particle-mobile-disabled=\"false\" class=\"elementor-element elementor-element-db85c91 e-flex e-con-boxed e-con e-parent\" data-id=\"db85c91\" data-element_type=\"container\" data-settings=\"{&quot;background_background&quot;:&quot;classic&quot;,&quot;jet_parallax_layout_list&quot;:[],&quot;_ob_use_container_extras&quot;:&quot;no&quot;,&quot;_ob_column_hoveranimator&quot;:&quot;no&quot;,&quot;_ob_glider_is_slider&quot;:&quot;no&quot;,&quot;_ob_column_has_pseudo&quot;:&quot;no&quot;}\">\n\t\t\t\t\t<div class=\"e-con-inner\">\n\t\t\t\t<div class=\"elementor-element elementor-element-342d29c eael-dual-header-content-align-center ob-has-background-overlay elementor-widget elementor-widget-eael-dual-color-header\" data-id=\"342d29c\" data-element_type=\"widget\" data-settings=\"{&quot;_ob_widget_stalker_use&quot;:&quot;no&quot;,&quot;_ob_poopart_use&quot;:&quot;yes&quot;,&quot;_ob_shadough_use&quot;:&quot;no&quot;,&quot;_ob_allow_hoveranimator&quot;:&quot;no&quot;}\" data-widget_type=\"eael-dual-color-header.default\">\n\t\t\t\t<div class=\"elementor-widget-container\">\n\t\t\t\t\t\t<div class=\"eael-dual-header\">\n\t\t\t\t<h1 class=\"title\"><span class=\"lead solid-color\">Politique d\u2019utilisation des<\/span> <span> donn\u00e9es personnelles <\/span><\/h1>\t\t\t\t<span class=\"subtext\"><\/span>\n\t\t\t\t\t\t\t<\/div>\n\n\t\t\t\t<\/div>\n\t\t\t\t<\/div>\n\t\t\t\t<div class=\"elementor-element elementor-element-206d265 pp-divider-center ob-has-background-overlay elementor-widget elementor-widget-pp-divider\" data-id=\"206d265\" data-element_type=\"widget\" data-settings=\"{&quot;_ob_widget_stalker_use&quot;:&quot;no&quot;,&quot;_ob_poopart_use&quot;:&quot;yes&quot;,&quot;_ob_shadough_use&quot;:&quot;no&quot;,&quot;_ob_allow_hoveranimator&quot;:&quot;no&quot;}\" data-widget_type=\"pp-divider.default\">\n\t\t\t\t<div class=\"elementor-widget-container\">\n\t\t\t\t\t<div class=\"pp-divider-wrap\">\n\t\t\t\t\t\t\t<div class=\"divider-text-container\">\n\t\t\t\t\t<div class=\"divider-text-wrap\">\n\t\t\t\t\t\t<span class=\"pp-divider-border-wrap divider-border-left\">\n\t\t\t\t\t\t\t<span class=\"divider-border\"><\/span>\n\t\t\t\t\t\t<\/span>\n\t\t\t\t\t\t<span class=\"pp-divider-content\">\n\t\t\t\t\t\t\t\t\t\t\t\t\t\t\t<span class=\"pp-divider-image pp-icon\">\n\t\t\t\t\t\t\t\t\t<img decoding=\"async\" src=\"https:\/\/www.aspone.fr\/wp-content\/uploads\/elementor\/thumbs\/icone-separateur-q2t5r1bmkbj1gnq1mfjlvwq63wink9pbq6gx4hbve4.png\" title=\"icone separateur\" alt=\"icone separateur\" loading=\"lazy\" \/>\t\t\t\t\t\t\t\t<\/span>\n\t\t\t\t\t\t\t\t\t\t\t\t\t<\/span>\n\t\t\t\t\t\t<span class=\"pp-divider-border-wrap divider-border-right\">\n\t\t\t\t\t\t\t<span class=\"divider-border\"><\/span>\n\t\t\t\t\t\t<\/span>\n\t\t\t\t\t<\/div>\n\t\t\t\t<\/div>\n\t\t\t\t\t\t<\/div>    \n\t\t\t\t<\/div>\n\t\t\t\t<\/div>\n\t\t\t\t\t<\/div>\n\t\t\t\t<\/div>\n\t\t\t\t<section data-particle_enable=\"false\" data-particle-mobile-disabled=\"false\" class=\"elementor-section elementor-top-section elementor-element elementor-element-795efed elementor-section-boxed elementor-section-height-default elementor-section-height-default elementor-invisible\" data-id=\"795efed\" data-element_type=\"section\" data-settings=\"{&quot;jet_parallax_layout_list&quot;:[],&quot;background_background&quot;:&quot;classic&quot;,&quot;motion_fx_motion_fx_scrolling&quot;:&quot;yes&quot;,&quot;animation&quot;:&quot;fadeInDown&quot;,&quot;background_motion_fx_motion_fx_scrolling&quot;:&quot;yes&quot;,&quot;background_motion_fx_translateY_effect&quot;:&quot;yes&quot;,&quot;background_motion_fx_range&quot;:&quot;page&quot;,&quot;_ob_glider_is_slider&quot;:&quot;no&quot;,&quot;background_motion_fx_translateY_speed&quot;:{&quot;unit&quot;:&quot;px&quot;,&quot;size&quot;:4,&quot;sizes&quot;:[]},&quot;background_motion_fx_translateY_affectedRange&quot;:{&quot;unit&quot;:&quot;%&quot;,&quot;size&quot;:&quot;&quot;,&quot;sizes&quot;:{&quot;start&quot;:0,&quot;end&quot;:100}},&quot;background_motion_fx_devices&quot;:[&quot;desktop&quot;,&quot;tablet&quot;,&quot;mobile&quot;],&quot;motion_fx_devices&quot;:[&quot;desktop&quot;,&quot;tablet&quot;,&quot;mobile&quot;]}\">\n\t\t\t\t\t\t\t<div class=\"elementor-background-overlay\"><\/div>\n\t\t\t\t\t\t\t<div class=\"elementor-container elementor-column-gap-default\">\n\t\t\t\t\t<div class=\"elementor-column elementor-col-100 elementor-top-column elementor-element elementor-element-e2afce2\" data-id=\"e2afce2\" data-element_type=\"column\" data-settings=\"{&quot;background_background&quot;:&quot;classic&quot;,&quot;_ob_column_hoveranimator&quot;:&quot;no&quot;,&quot;_ob_column_has_pseudo&quot;:&quot;no&quot;}\">\n\t\t\t<div class=\"elementor-widget-wrap elementor-element-populated\">\n\t\t\t\t\t<div class=\"elementor-background-overlay\"><\/div>\n\t\t\t\t\t\t<section data-particle_enable=\"false\" data-particle-mobile-disabled=\"false\" class=\"elementor-section elementor-inner-section elementor-element elementor-element-94576b2 elementor-section-boxed elementor-section-height-default elementor-section-height-default\" data-id=\"94576b2\" data-element_type=\"section\" data-settings=\"{&quot;jet_parallax_layout_list&quot;:[],&quot;_ob_glider_is_slider&quot;:&quot;no&quot;}\">\n\t\t\t\t\t\t<div class=\"elementor-container elementor-column-gap-default\">\n\t\t\t\t\t<div class=\"elementor-column elementor-col-100 elementor-inner-column elementor-element elementor-element-fafdc7a\" data-id=\"fafdc7a\" data-element_type=\"column\" data-settings=\"{&quot;_ob_column_hoveranimator&quot;:&quot;no&quot;,&quot;_ob_column_has_pseudo&quot;:&quot;no&quot;}\">\n\t\t\t<div class=\"elementor-widget-wrap elementor-element-populated\">\n\t\t\t\t\t\t<div class=\"elementor-element elementor-element-34d9544 elementor-align-right elementor-fixed elementor-widget elementor-widget-global elementor-global-3273 elementor-widget-button\" data-id=\"34d9544\" data-element_type=\"widget\" data-settings=\"{&quot;_position&quot;:&quot;fixed&quot;}\" data-widget_type=\"button.default\">\n\t\t\t\t<div class=\"elementor-widget-container\">\n\t\t\t\t\t\t\t<div class=\"elementor-button-wrapper\">\n\t\t\t\t\t<a class=\"elementor-button elementor-button-link elementor-size-sm\" href=\"#elementor-action%3Aaction%3Dpopup%3Aopen%26settings%3DeyJpZCI6IjMyNjIiLCJ0b2dnbGUiOmZhbHNlfQ%3D%3D\">\n\t\t\t\t\t\t<span class=\"elementor-button-content-wrapper\">\n\t\t\t\t\t\t\t\t\t<span class=\"elementor-button-text\">Aide<\/span>\n\t\t\t\t\t<\/span>\n\t\t\t\t\t<\/a>\n\t\t\t\t<\/div>\n\t\t\t\t\t\t<\/div>\n\t\t\t\t<\/div>\n\t\t\t\t\t<\/div>\n\t\t<\/div>\n\t\t\t\t\t<\/div>\n\t\t<\/section>\n\t\t\t\t<div class=\"elementor-element elementor-element-bdc36d1 ob-harakiri-inherit ob-has-background-overlay elementor-widget elementor-widget-text-editor\" data-id=\"bdc36d1\" data-element_type=\"widget\" data-settings=\"{&quot;_ob_use_harakiri&quot;:&quot;yes&quot;,&quot;_ob_harakiri_writing_mode&quot;:&quot;inherit&quot;,&quot;_ob_postman_use&quot;:&quot;no&quot;,&quot;_ob_widget_stalker_use&quot;:&quot;no&quot;,&quot;_ob_poopart_use&quot;:&quot;yes&quot;,&quot;_ob_shadough_use&quot;:&quot;no&quot;,&quot;_ob_allow_hoveranimator&quot;:&quot;no&quot;}\" data-widget_type=\"text-editor.default\">\n\t\t\t\t<div class=\"elementor-widget-container\">\n\t\t\t\t\t\t\t<div id=\"sppb-addon-wrapper-1565504406278\" class=\"sppb-addon-wrapper\"><div id=\"sppb-addon-1565504406278\" class=\"clearfix \"><div class=\"sppb-addon sppb-addon-text-block \"><div class=\"sppb-addon-content\"><div><div id=\"sppb-addon-wrapper-1563115609155\" class=\"sppb-addon-wrapper\"><div id=\"sppb-addon-1563115609155\" class=\"clearfix \"><div class=\"sppb-addon sppb-addon-text-block \"><div class=\"sppb-addon-content\"><h2><strong>Identit\u00e9 du responsable du traitement<\/strong><\/h2><p>Responsable du traitement\u00a0:<\/p><p>TESSI Informatique<\/p><p>Soci\u00e9t\u00e9 par Actions Simplifi\u00e9e<\/p><p>Adresse du si\u00e8ge\u00a0: B\u00e2timent 7 du Parc M\u00e9trotech 42650 St Jean Bonnefonds<\/p><p>Capital social\u00a0: 99\u00a0987,50 \u20acuros<\/p><p>Immatricul\u00e9e au RCS de Saint-Etienne sous le num\u00e9ro 331\u00a0618\u00a0520<\/p><p>T\u00e9l : +33 (0)1 41 31 52 30<\/p><p>\u00ab Site \u00bb : d\u00e9signe le site internet suivant :\u00a0<a href=\"https:\/\/www.aspone.fr\/\">https:\/\/www.aspone.fr<\/a>\u00a0\u00a0<\/p><h2><strong>Coordonn\u00e9es du DPO (Data Protection Officer) du Groupe Tessi et de sa filiale\u00a0aspone.fr<\/strong><\/h2><p>Adresse \u00e9lectronique :\u00a0dpo.tessi (@) tessi.fr<\/p><p>Adresse postale : DPO Tessi \/ aspone.fr &#8211; 45, rue Saint Jean de Dieu \u2013 69007 Lyon<\/p><h2><strong>Base l\u00e9gale \/ Collecte \/ Finalit\u00e9s du traitement des donn\u00e9es \u00e0 caract\u00e8re personnel<\/strong><\/h2><p>ASPOne.fr collecte et traite vos donn\u00e9es \u00e0 caract\u00e8re personnel car :<\/p><ul><li>ce traitement est justifi\u00e9 par l\u2019int\u00e9r\u00eat l\u00e9gitime d\u2019ASPOne.fr (pr\u00e9vention de fraude, s\u00e9curit\u00e9\u2026) ;<\/li><li>sur la base de votre consentement\u00a0;<\/li><\/ul><p>Vos donn\u00e9es sont collect\u00e9es de mani\u00e8re directe lors de votre navigation sur le Site, soit automatiquement, au moyen des cookies, soit via les formulaires de saisie d\u2019informations pr\u00e9sent\u00e9s sur le Site. Vos donn\u00e9es \u00e0 caract\u00e8re personnel sont donc collect\u00e9es lorsque vous :<\/p><ul><li>consultez les diff\u00e9rentes pages du Site,<\/li><li>vous inscrivez \u00e0 notre newsletter,<\/li><li>faites une demande de documentation,<\/li><li>faites une candidature spontan\u00e9e,<\/li><li>contactez le service clients,<\/li><li>partagez un contenu avec quelqu\u2019un en lui adressant le lien vers l\u2019article par e-mail,<\/li><li>partagez un avis par l\u2019interm\u00e9diaire des r\u00e9seaux sociaux (Youtube, Twitter, Viadeo, LinkedIn, etc.)\u00a0;<\/li><\/ul><p>Vos donn\u00e9es personnelles relevant des cat\u00e9gories\u00a0suivantes\u00a0:<\/p><ul><li>donn\u00e9es d\u2019identification (nom, pr\u00e9nom, num\u00e9ro de t\u00e9l\u00e9phone, adresse e-mail, etc\u2026),<\/li><li>donn\u00e9es professionnelles (fonction, entreprise, adresse e-mail, etc\u2026),<\/li><\/ul><p>peuvent \u00e9galement \u00eatre collect\u00e9es par\u00a0ASPOne.fr de mani\u00e8re indirecte aupr\u00e8s des clients d\u2019ASPOne.fr dans le cadre d\u2019une collaboration.<\/p><p>En ce qui concerne les formulaires de saisie d\u2019informations affich\u00e9s sur le Site, les donn\u00e9es \u00e0 caract\u00e8re personnel dont la communication est obligatoire pour la prise en compte de votre demande sont identifi\u00e9es par un ast\u00e9risque \u00ab *Champs obligatoires \u00bb. Le d\u00e9faut de communication d\u2019une donn\u00e9e personnelle identifi\u00e9e comme obligatoire provoquera la non validation du formulaire en question.\u00a0ASPOne.fr ne pourra donc pas donner suite \u00e0 votre demande.<\/p><p>Les finalit\u00e9s des traitements qu\u2019ASPOne.fr effectue sont les suivantes :<\/p><ul><li>envoi d\u2019informations commerciales et\/ou de notifications et\/ou de documents demand\u00e9s,<\/li><li>gestion des relations avec nos prospects et\/ou nos clients et\/ou nos partenaires,<\/li><li>assistance technique et\/ou commerciale,<\/li><li>enrichissement\/mise \u00e0 jour des bases de donn\u00e9es clients\/prospects,<\/li><li>r\u00e9alisation de statistiques, d\u2019analyses et d\u2019\u00e9tudes d\u2019audience,<\/li><li>gestion de carri\u00e8res,<\/li><li>organisation de la participation \u00e0 un \u00e9v\u00e9nement,<\/li><\/ul><p>ASPOne.fr peut proc\u00e9der au rapprochement des donn\u00e9es provenant de diff\u00e9rentes sources pour la r\u00e9alisation de la finalit\u00e9 suivante : prospection et suivi de la relation commerciale.<\/p><p><strong>Cookies<\/strong><\/p><p>Les donn\u00e9es \u00e0 caract\u00e8re personnel qui sont obtenues automatiquement \u00e0 l\u2019occasion de votre connexion et navigation sur le Site, notamment l\u2019adresse IP de votre terminal, et\/ou par l\u2019interm\u00e9diaire de fichiers informatiques stock\u00e9s sur votre terminal, commun\u00e9ment appel\u00e9s \u00ab cookies \u00bb, sont utilis\u00e9es conform\u00e9ment aux modalit\u00e9s pr\u00e9vues dans la \u00ab\u00a0<a href=\"https:\/\/www.aspone.fr\/index.php\/politique-de-confidentialite\/\">Politique de gestion de cookies\u00a0<\/a>\u00bb<\/p><h2><strong>Boutons de partage des r\u00e9seaux sociaux<\/strong><\/h2><p>Le Site peut utiliser des boutons de partage des r\u00e9seaux sociaux tels que LinkedIn, Twitter, Youtube, Facebook etc. \u00a0qui permettent l\u2019\u00e9change des informations entre le Site et les sites des r\u00e9seaux sociaux concern\u00e9s.<br \/>Par cons\u00e9quent, les donn\u00e9es \u00e0 caract\u00e8re personnel des personnes qui utilisent les boutons de partage peuvent \u00eatre enregistr\u00e9es sur les serveurs des \u00e9diteurs des r\u00e9seaux sociaux.<\/p><p>ASPOne.fr n\u2019est pas responsable des traitements de vos donn\u00e9es \u00e0 caract\u00e8re personnel effectu\u00e9s par les r\u00e9seaux sociaux.<\/p><p>Nous vous invitons \u00e0 prendre connaissance des politiques de gestion des donn\u00e9es personnelles des r\u00e9seaux sociaux concern\u00e9s.<\/p><p><strong>Destinataires des donn\u00e9es<\/strong><\/p><p>Les donn\u00e9es \u00e0 caract\u00e8re personnel collect\u00e9es sur le Site sont r\u00e9serv\u00e9es \u00e0 l\u2019usage d\u2019ASPOne.fr . Elles peuvent \u00eatre transmises \u00e0 des filiales du Groupe Tessi. Elles peuvent \u00e9galement \u00eatre communiqu\u00e9es \u00e0 nos prestataires\/fournisseurs qui interviennent dans la gestion du Site (gestionnaire technique et h\u00e9bergeur du Site, fournisseur service de mesures d\u2019audience notamment).<\/p><p>ASPOne.fr pourra \u00eatre amen\u00e9e \u00e0 divulguer les donn\u00e9es personnelles \u00e0 des autorit\u00e9s comp\u00e9tentes dans le cadre op\u00e9rations visant \u00e0 lutter contre toute activit\u00e9 p\u00e9nalement r\u00e9pr\u00e9hensible.\u00a0<\/p><h2><strong>Dur\u00e9e de conservation<\/strong><\/h2><p>Pour la gestion des cookies :<\/p><p>La dur\u00e9e de conservation des cookies n\u2019exc\u00e8de pas treize mois.<\/p><p>Pour la gestion de la relation commerciale :<\/p><p>ASPOne.fr conserve les donn\u00e9es \u00e0 caract\u00e8re personnel pendant une dur\u00e9e de trois ans \u00e0 compter de la fin des relations avec le client ou le prospect. Le d\u00e9lai commence \u00e0 partir de la derni\u00e8re connexion au compte client ou du dernier courriel adress\u00e9 au service client ou du dernier appel t\u00e9l\u00e9phonique au service client, ou d\u2019un clic sur un lien hypertexte du courriel adress\u00e9 par ASPOne.fr , d\u2019une r\u00e9ponse positive \u00e0 un courriel demandant si le client souhaite continuer \u00e0 recevoir la prospection commerciale \u00e0 l\u2019\u00e9ch\u00e9ance du d\u00e9lai de trois ans.<\/p><p>Les donn\u00e9es relatives aux relations contractuelles seront conserv\u00e9es conform\u00e9ment aux dispositions l\u00e9gales.<\/p><p>Pour la gestion des candidatures :<\/p><p>ASPOne.fr collecte vos donn\u00e9es \u00e0 caract\u00e8re personnel pour la finalit\u00e9 \u00ab Gestion des candidatures \u00bb, votre dossier est g\u00e9r\u00e9 de fa\u00e7on confidentielle par le service des ressources humaines et n\u2019est pas conserv\u00e9 au-del\u00e0 de 1 an \u00e0 compter du dernier contact avec vous.\u00a0<\/p><h2><strong>Exercice des droits des personnes<\/strong><\/h2><p>Vous b\u00e9n\u00e9ficiez d\u2019un droit d\u2019acc\u00e8s, de rectification, d\u2019effacement, d\u2019opposition (y compris le droit ne pas faire l\u2019objet d\u2019une d\u00e9cision fond\u00e9e exclusivement sur un traitement automatis\u00e9) ou, le cas \u00e9ch\u00e9ant, du retrait de votre consentement \u00e0 tout moment, ainsi que du droit \u00e0 la limitation et la portabilit\u00e9 de vos donn\u00e9es personnelles. Vous pouvez exercer votre droit en vous adressant au Data Protection Officer du Groupe Tessi (cf. la rubrique \u00ab Coordonn\u00e9es du DPO du Groupe Tessi \u00bb). Votre demande devra indiquer votre nom et pr\u00e9nom, adresse e-mail ou postale et \u00eatre sign\u00e9e. En cas de doute, nous pourrons vous demander de nous fournir un justificatif d\u2019identit\u00e9 en cours validit\u00e9.<\/p><p>Vous pouvez \u00e9galement vous opposer \u00e0 l\u2019envoi d\u2019informations commerciales en cliquant sur le lien de d\u00e9sabonnement pr\u00e9sent dans les e-mails que vous recevez de la part d\u2019ASPOne.fr .<\/p><p>Si, apr\u00e8s avoir contact\u00e9 notre DPO, vous estimez que vos droits n\u2019ont pas \u00e9t\u00e9 respect\u00e9s, vous pouvez adresser une r\u00e9clamation \u00e0 la CNIL.<\/p><\/div><\/div><\/div><\/div><\/div><\/div><\/div><\/div><\/div>\t\t\t\t\t\t<\/div>\n\t\t\t\t<\/div>\n\t\t\t\t\t<\/div>\n\t\t<\/div>\n\t\t\t\t\t<\/div>\n\t\t<\/section>\n\t\t\t\t<\/div>\n\t\t","protected":false},"excerpt":{"rendered":"<p>Politique d\u2019utilisation des donn\u00e9es personnelles Aide Identit\u00e9 du responsable du traitement Responsable du traitement\u00a0: TESSI Informatique Soci\u00e9t\u00e9 par Actions Simplifi\u00e9e Adresse du si\u00e8ge\u00a0: B\u00e2timent 7 du Parc M\u00e9trotech 42650 St Jean Bonnefonds Capital social\u00a0: 99\u00a0987,50 \u20acuros Immatricul\u00e9e au RCS de Saint-Etienne sous le num\u00e9ro 331\u00a0618\u00a0520 T\u00e9l : +33 (0)1 41 31 52 30 \u00ab Site [&hellip;]<\/p>\n","protected":false},"author":1,"featured_media":0,"parent":0,"menu_order":0,"comment_status":"closed","ping_status":"closed","template":"","meta":{"site-sidebar-layout":"no-sidebar","site-content-layout":"page-builder","ast-site-content-layout":"default","site-content-style":"default","site-sidebar-style":"default","ast-global-header-display":"","ast-banner-title-visibility":"","ast-main-header-display":"","ast-hfb-above-header-display":"","ast-hfb-below-header-display":"","ast-hfb-mobile-header-display":"","site-post-title":"disabled","ast-breadcrumbs-content":"","ast-featured-img":"disabled","footer-sml-layout":"","ast-disable-related-posts":"","theme-transparent-header-meta":"","adv-header-id-meta":"","stick-header-meta":"","header-above-stick-meta":"","header-main-stick-meta":"","header-below-stick-meta":"","astra-migrate-meta-layouts":"default","ast-page-background-enabled":"default","ast-page-background-meta":{"desktop":{"background-color":"var(--ast-global-color-4)","background-image":"","background-repeat":"repeat","background-position":"center center","background-size":"auto","background-attachment":"scroll","background-type":"","background-media":"","overlay-type":"","overlay-color":"","overlay-opacity":"","overlay-gradient":""},"tablet":{"background-color":"","background-image":"","background-repeat":"repeat","background-position":"center center","background-size":"auto","background-attachment":"scroll","background-type":"","background-media":"","overlay-type":"","overlay-color":"","overlay-opacity":"","overlay-gradient":""},"mobile":{"background-color":"","background-image":"","background-repeat":"repeat","background-position":"center center","background-size":"auto","background-attachment":"scroll","background-type":"","background-media":"","overlay-type":"","overlay-color":"","overlay-opacity":"","overlay-gradient":""}},"ast-content-background-meta":{"desktop":{"background-color":"var(--ast-global-color-5)","background-image":"","background-repeat":"repeat","background-position":"center center","background-size":"auto","background-attachment":"scroll","background-type":"","background-media":"","overlay-type":"","overlay-color":"","overlay-opacity":"","overlay-gradient":""},"tablet":{"background-color":"var(--ast-global-color-5)","background-image":"","background-repeat":"repeat","background-position":"center center","background-size":"auto","background-attachment":"scroll","background-type":"","background-media":"","overlay-type":"","overlay-color":"","overlay-opacity":"","overlay-gradient":""},"mobile":{"background-color":"var(--ast-global-color-5)","background-image":"","background-repeat":"repeat","background-position":"center center","background-size":"auto","background-attachment":"scroll","background-type":"","background-media":"","overlay-type":"","overlay-color":"","overlay-opacity":"","overlay-gradient":""}},"footnotes":""},"class_list":["post-2595","page","type-page","status-publish","hentry"],"_links":{"self":[{"href":"https:\/\/www.aspone.fr\/index.php\/wp-json\/wp\/v2\/pages\/2595","targetHints":{"allow":["GET"]}}],"collection":[{"href":"https:\/\/www.aspone.fr\/index.php\/wp-json\/wp\/v2\/pages"}],"about":[{"href":"https:\/\/www.aspone.fr\/index.php\/wp-json\/wp\/v2\/types\/page"}],"author":[{"embeddable":true,"href":"https:\/\/www.aspone.fr\/index.php\/wp-json\/wp\/v2\/users\/1"}],"replies":[{"embeddable":true,"href":"https:\/\/www.aspone.fr\/index.php\/wp-json\/wp\/v2\/comments?post=2595"}],"version-history":[{"count":19,"href":"https:\/\/www.aspone.fr\/index.php\/wp-json\/wp\/v2\/pages\/2595\/revisions"}],"predecessor-version":[{"id":3917,"href":"https:\/\/www.aspone.fr\/index.php\/wp-json\/wp\/v2\/pages\/2595\/revisions\/3917"}],"wp:attachment":[{"href":"https:\/\/www.aspone.fr\/index.php\/wp-json\/wp\/v2\/media?parent=2595"}],"curies":[{"name":"wp","href":"https:\/\/api.w.org\/{rel}","templated":true}]}}